{"id":46,"date":"2020-11-30T02:19:04","date_gmt":"2020-11-30T02:19:04","guid":{"rendered":"https:\/\/www.riverbabygroup.com\/?page_id=46"},"modified":"2021-04-29T01:09:06","modified_gmt":"2021-04-29T01:09:06","slug":"produktionsmanagement","status":"publish","type":"page","link":"https:\/\/www.riverbabygroup.com\/de\/produktionsmanagement\/","title":{"rendered":"Produktionsmanagement"},"content":{"rendered":"<div data-elementor-type=\"wp-page\" data-elementor-id=\"46\" class=\"elementor elementor-46\" data-elementor-post-type=\"page\">\n\t\t\t\t\t\t<section class=\"elementor-section elementor-top-section elementor-element elementor-element-14733cc elementor-section-height-min-height elementor-section-full_width elementor-section-stretched elementor-section-height-default elementor-section-items-middle\" data-id=\"14733cc\" data-element_type=\"section\" id=\"UP\" data-settings=\"{&quot;background_background&quot;:&quot;gradient&quot;,&quot;stretch_section&quot;:&quot;section-stretched&quot;}\">\n\t\t\t\t\t\t\t<div class=\"elementor-background-overlay\"><\/div>\n\t\t\t\t\t\t\t<div class=\"elementor-container elementor-column-gap-default\">\n\t\t\t\t\t<div class=\"elementor-column elementor-col-100 elementor-top-column elementor-element elementor-element-5ac5fbd\" data-id=\"5ac5fbd\" data-element_type=\"column\">\n\t\t\t<div class=\"elementor-widget-wrap elementor-element-populated\">\n\t\t\t\t\t\t<section class=\"elementor-section elementor-inner-section elementor-element elementor-element-5f26762 elementor-section-boxed elementor-section-height-default elementor-section-height-default\" data-id=\"5f26762\" data-element_type=\"section\" data-settings=\"{&quot;background_background&quot;:&quot;classic&quot;}\">\n\t\t\t\t\t\t<div class=\"elementor-container elementor-column-gap-no\">\n\t\t\t\t\t<div class=\"elementor-column elementor-col-100 elementor-inner-column elementor-element elementor-element-fed5d9f\" data-id=\"fed5d9f\" data-element_type=\"column\">\n\t\t\t<div class=\"elementor-widget-wrap elementor-element-populated\">\n\t\t\t\t\t\t<div class=\"elementor-element elementor-element-99a5c07 elementor-widget elementor-widget-heading\" data-id=\"99a5c07\" data-element_type=\"widget\" data-widget_type=\"heading.default\">\n\t\t\t\t<div class=\"elementor-widget-container\">\n\t\t\t<h1 class=\"elementor-heading-title elementor-size-default\">Produktionsmanagement<\/h1>\t\t<\/div>\n\t\t\t\t<\/div>\n\t\t\t\t<div class=\"elementor-element elementor-element-bd5dfdb elementor-widget elementor-widget-pp-breadcrumbs\" data-id=\"bd5dfdb\" data-element_type=\"widget\" data-settings=\"{&quot;breadcrumbs_type&quot;:&quot;powerpack&quot;}\" data-widget_type=\"pp-breadcrumbs.default\">\n\t\t\t\t<div class=\"elementor-widget-container\">\n\t\t\t<ul class=\"pp-breadcrumbs pp-breadcrumbs-powerpack\">\t\t<li class=\"pp-breadcrumbs-item pp-breadcrumbs-item-home\">\n\t\t\t<a class=\"pp-breadcrumbs-crumb pp-breadcrumbs-crumb-link pp-breadcrumbs-crumb-home\" href=\"https:\/\/www.riverbabygroup.com\/de\" title=\"Startseite\">\n\t\t\t\t<span class=\"pp-breadcrumbs-text\">\n\t\t\t\t\t\t\t\t\t\tStartseite\t\t\t\t<\/span>\n\t\t\t<\/a>\n\t\t<\/li>\n\t\t<li class=\"pp-breadcrumbs-separator\">\t\t\t\t<span class='pp-separator-icon pp-icon'>\n\t\t\t\t\t<i aria-hidden=\"true\" class=\"fas fa-angle-right\"><\/i>\t\t\t\t<\/span>\n\t\t\t\t<\/li><\/ul>\t\t<\/div>\n\t\t\t\t<\/div>\n\t\t\t\t\t<\/div>\n\t\t<\/div>\n\t\t\t\t\t<\/div>\n\t\t<\/section>\n\t\t\t\t\t<\/div>\n\t\t<\/div>\n\t\t\t\t\t<\/div>\n\t\t<\/section>\n\t\t\t\t<section class=\"elementor-section elementor-top-section elementor-element elementor-element-c6c773b elementor-section-boxed elementor-section-height-default elementor-section-height-default\" data-id=\"c6c773b\" data-element_type=\"section\" data-settings=\"{&quot;background_background&quot;:&quot;classic&quot;}\">\n\t\t\t\t\t\t<div class=\"elementor-container elementor-column-gap-no\">\n\t\t\t\t\t<div class=\"elementor-column elementor-col-50 elementor-top-column elementor-element elementor-element-71a9022\" data-id=\"71a9022\" data-element_type=\"column\">\n\t\t\t<div class=\"elementor-widget-wrap elementor-element-populated\">\n\t\t\t\t\t\t<div class=\"elementor-element elementor-element-fc08049 elementor-widget elementor-widget-image\" data-id=\"fc08049\" data-element_type=\"widget\" data-widget_type=\"image.default\">\n\t\t\t\t<div class=\"elementor-widget-container\">\n\t\t\t\t\t\t\t\t\t\t\t\t\t<img fetchpriority=\"high\" decoding=\"async\" width=\"720\" height=\"480\" src=\"https:\/\/www.riverbabygroup.com\/wp-content\/uploads\/2021\/04\/P04-3-S02.jpg\" class=\"attachment-full size-full wp-image-5938\" alt=\"Unser-Mitarbeiter-zeichnet-den-Produktionsprozess-im-Partner-Werk-auf\" \/>\t\t\t\t\t\t\t\t\t\t\t\t\t<\/div>\n\t\t\t\t<\/div>\n\t\t\t\t\t<\/div>\n\t\t<\/div>\n\t\t\t\t<div class=\"elementor-column elementor-col-50 elementor-top-column elementor-element elementor-element-aa63644\" data-id=\"aa63644\" data-element_type=\"column\">\n\t\t\t<div class=\"elementor-widget-wrap elementor-element-populated\">\n\t\t\t\t\t\t<div class=\"elementor-element elementor-element-6416dc6 elementor-widget elementor-widget-heading\" data-id=\"6416dc6\" data-element_type=\"widget\" data-widget_type=\"heading.default\">\n\t\t\t\t<div class=\"elementor-widget-container\">\n\t\t\t<h2 class=\"elementor-heading-title elementor-size-default\">Wir sorgen f\u00fcr eine schnellere Produktion und gleichbleibende Qualit\u00e4t<\/h2>\t\t<\/div>\n\t\t\t\t<\/div>\n\t\t\t\t<div class=\"elementor-element elementor-element-46aab51 elementor-widget elementor-widget-text-editor\" data-id=\"46aab51\" data-element_type=\"widget\" data-widget_type=\"text-editor.default\">\n\t\t\t\t<div class=\"elementor-widget-container\">\n\t\t\t\t\t\t\t<p>Jeder Aspekt der Produktion wird unter unserer Aufsicht durchgef\u00fchrt, um eine einheitliche Qualit\u00e4t zu gew\u00e4hrleisten.<\/p><p>\u00a0<\/p><p>Ausl\u00e4ndische Kunden k\u00f6nnen unseren umfassenden Produktionsmanagement-Service in Anspruch nehmen, der es ihnen erm\u00f6glicht, unsere Arbeitsabl\u00e4ufe zu \u00fcberwachen und sich \u00fcber unsere Fortschritte zu informieren.<\/p><p>\u00a0<\/p><p>Da Sie mit unserem Team \u00fcber unseren Status kommunizieren k\u00f6nnen, k\u00f6nnen wir Fertigungsfehler vermeiden und gleichzeitig unsere Fristen einhalten und die Arbeitskosten senken.<\/p>\t\t\t\t\t\t<\/div>\n\t\t\t\t<\/div>\n\t\t\t\t\t<\/div>\n\t\t<\/div>\n\t\t\t\t\t<\/div>\n\t\t<\/section>\n\t\t\t\t<section class=\"elementor-section elementor-top-section elementor-element elementor-element-7c8e17a elementor-section-boxed elementor-section-height-default elementor-section-height-default\" data-id=\"7c8e17a\" data-element_type=\"section\" data-settings=\"{&quot;background_background&quot;:&quot;classic&quot;}\">\n\t\t\t\t\t\t<div class=\"elementor-container elementor-column-gap-no\">\n\t\t\t\t\t<div class=\"elementor-column elementor-col-100 elementor-top-column elementor-element elementor-element-5420bb8\" data-id=\"5420bb8\" data-element_type=\"column\">\n\t\t\t<div class=\"elementor-widget-wrap elementor-element-populated\">\n\t\t\t\t\t\t<section class=\"elementor-section elementor-inner-section elementor-element elementor-element-99a6256 elementor-section-boxed elementor-section-height-default elementor-section-height-default\" data-id=\"99a6256\" data-element_type=\"section\">\n\t\t\t\t\t\t<div class=\"elementor-container elementor-column-gap-no\">\n\t\t\t\t\t<div class=\"elementor-column elementor-col-100 elementor-inner-column elementor-element elementor-element-253c9bd\" data-id=\"253c9bd\" data-element_type=\"column\">\n\t\t\t<div class=\"elementor-widget-wrap elementor-element-populated\">\n\t\t\t\t\t\t<div class=\"elementor-element elementor-element-f93f308 elementor-widget elementor-widget-heading\" data-id=\"f93f308\" data-element_type=\"widget\" data-widget_type=\"heading.default\">\n\t\t\t\t<div class=\"elementor-widget-container\">\n\t\t\t<h2 class=\"elementor-heading-title elementor-size-default\">Robuste und flexible Produktionsplanung<\/h2>\t\t<\/div>\n\t\t\t\t<\/div>\n\t\t\t\t<div class=\"elementor-element elementor-element-7123ca2 elementor-widget elementor-widget-text-editor\" data-id=\"7123ca2\" data-element_type=\"widget\" data-widget_type=\"text-editor.default\">\n\t\t\t\t<div class=\"elementor-widget-container\">\n\t\t\t\t\t\t\t<p>Wir ber\u00fccksichtigen die Nachfrage auf Ihrem Markt und unsere Entfernung, um einen speziellen Zeitplan zu erstellen.<\/p><p>f\u00fcr Ihr Unternehmen.<\/p>\t\t\t\t\t\t<\/div>\n\t\t\t\t<\/div>\n\t\t\t\t\t<\/div>\n\t\t<\/div>\n\t\t\t\t\t<\/div>\n\t\t<\/section>\n\t\t\t\t<section class=\"elementor-section elementor-inner-section elementor-element elementor-element-00d689b elementor-section-boxed elementor-section-height-default elementor-section-height-default\" data-id=\"00d689b\" data-element_type=\"section\" data-settings=\"{&quot;background_background&quot;:&quot;classic&quot;}\">\n\t\t\t\t\t\t<div class=\"elementor-container elementor-column-gap-no\">\n\t\t\t\t\t<div class=\"elementor-column elementor-col-50 elementor-inner-column elementor-element elementor-element-17b3b9d\" data-id=\"17b3b9d\" data-element_type=\"column\" data-settings=\"{&quot;background_background&quot;:&quot;classic&quot;}\">\n\t\t\t<div class=\"elementor-widget-wrap elementor-element-populated\">\n\t\t\t\t\t\t<div class=\"elementor-element elementor-element-4d2808b elementor-widget elementor-widget-pp-flipbox\" data-id=\"4d2808b\" data-element_type=\"widget\" data-widget_type=\"pp-flipbox.default\">\n\t\t\t\t<div class=\"elementor-widget-container\">\n\t\t\t\t\t<div class=\"pp-flipbox-container pp-animate-slide pp-direction-up\">\n\t\t\t<div class=\"pp-flipbox-flip-card\">\n\t\t\t\t\t\t<div class=\"pp-flipbox-front\">\n\t\t\t<div class=\"pp-flipbox-overlay\">\n\t\t\t\t<div class=\"pp-flipbox-inner\">\n\t\t\t\t\t<div class=\"pp-flipbox-icon-image\">\n\t\t\t\t\t\t\t\t\t\t\t<\/div>\n\n\t\t\t\t\t<h3 class=\"pp-flipbox-heading\">\n\t\t\t\t\t\tHerstellung in unserer eigenen Fabrik\t\t\t\t\t<\/h3>\n\n\t\t\t\t\t<div class=\"pp-flipbox-content\">\n\t\t\t\t\t\t\t\t\t\t\t<\/div>\n\t\t\t\t<\/div>\n\t\t\t<\/div>\n\t\t<\/div>\n\t\t\t\t<div class=\"pp-flipbox-back\">\n\t\t\t\t\t\t<div class=\"pp-flipbox-overlay\">\n\t\t\t\t<div class=\"pp-flipbox-inner\">\n\t\t\t\t\t\n\t\t\t\t\t\n\t\t\t\t\t<div class=\"pp-flipbox-content\">\n\t\t\t\t\t\tDa wir alle Produktionsschritte in unseren Fabriken abwickeln, k\u00f6nnen wir unsere Ressourcen effizient nutzen, um leistungsstarke Babyprodukte zu erschwinglichen Preisen herzustellen.\n<br>\n<br>\nUm eine einheitliche Produktion zu gew\u00e4hrleisten, verf\u00fcgen wir \u00fcber Werkst\u00e4tten und Fertigungsstra\u00dfen f\u00fcr die Montage und Fertigstellung auf dem Werksgel\u00e4nde. Eine zertifizierte Pr\u00fcfstelle f\u00fchrt in jedem Schritt gr\u00fcndliche Kontrollen durch und h\u00e4lt Ihren Zeitplan ein.\t\t\t\t\t<\/div>\n\n\t\t\t\t\t\t\t\t\t<\/div>\n\t\t\t<\/div>\n\t\t<\/div>\n\t\t\t\t\t<\/div>\n\t\t<\/div>\n\t\t\t\t<\/div>\n\t\t\t\t<\/div>\n\t\t\t\t\t<\/div>\n\t\t<\/div>\n\t\t\t\t<div class=\"elementor-column elementor-col-50 elementor-inner-column elementor-element elementor-element-a1ec5ff\" data-id=\"a1ec5ff\" data-element_type=\"column\" data-settings=\"{&quot;background_background&quot;:&quot;classic&quot;}\">\n\t\t\t<div class=\"elementor-widget-wrap elementor-element-populated\">\n\t\t\t\t\t\t<div class=\"elementor-element elementor-element-c733985 elementor-widget elementor-widget-pp-flipbox\" data-id=\"c733985\" data-element_type=\"widget\" data-widget_type=\"pp-flipbox.default\">\n\t\t\t\t<div class=\"elementor-widget-container\">\n\t\t\t\t\t<div class=\"pp-flipbox-container pp-animate-slide pp-direction-up\">\n\t\t\t<div class=\"pp-flipbox-flip-card\">\n\t\t\t\t\t\t<div class=\"pp-flipbox-front\">\n\t\t\t<div class=\"pp-flipbox-overlay\">\n\t\t\t\t<div class=\"pp-flipbox-inner\">\n\t\t\t\t\t<div class=\"pp-flipbox-icon-image\">\n\t\t\t\t\t\t\t\t\t\t\t<\/div>\n\n\t\t\t\t\t<h3 class=\"pp-flipbox-heading\">\n\t\t\t\t\t\tBeaufsichtigung in kooperierenden Betrieben\t\t\t\t\t<\/h3>\n\n\t\t\t\t\t<div class=\"pp-flipbox-content\">\n\t\t\t\t\t\t\t\t\t\t\t<\/div>\n\t\t\t\t<\/div>\n\t\t\t<\/div>\n\t\t<\/div>\n\t\t\t\t<div class=\"pp-flipbox-back\">\n\t\t\t\t\t\t<div class=\"pp-flipbox-overlay\">\n\t\t\t\t<div class=\"pp-flipbox-inner\">\n\t\t\t\t\t\n\t\t\t\t\t\n\t\t\t\t\t<div class=\"pp-flipbox-content\">\n\t\t\t\t\t\tUm die Produktion in gro\u00dfem Ma\u00dfstab und die st\u00e4ndige Versorgung mit Designer-Babyprodukten zu gew\u00e4hrleisten, dokumentieren wir den gesamten Prozess f\u00fcr Sie.\n<br>\n<br>\nWir liefern hochwertige Fotos, Videos und detaillierte Berichte \u00fcber den Produktionsfortschritt in unseren kooperierenden Fabriken. Um unser Vertrauen zu st\u00e4rken, stellen wir unsere Berichte zusammen, damit Sie sie sich ansehen k\u00f6nnen.\t\t\t\t\t<\/div>\n\n\t\t\t\t\t\t\t\t\t<\/div>\n\t\t\t<\/div>\n\t\t<\/div>\n\t\t\t\t\t<\/div>\n\t\t<\/div>\n\t\t\t\t<\/div>\n\t\t\t\t<\/div>\n\t\t\t\t\t<\/div>\n\t\t<\/div>\n\t\t\t\t\t<\/div>\n\t\t<\/section>\n\t\t\t\t\t<\/div>\n\t\t<\/div>\n\t\t\t\t\t<\/div>\n\t\t<\/section>\n\t\t\t\t<section class=\"elementor-section elementor-top-section elementor-element elementor-element-52f3df1 elementor-section-boxed elementor-section-height-default elementor-section-height-default\" data-id=\"52f3df1\" data-element_type=\"section\" data-settings=\"{&quot;background_background&quot;:&quot;classic&quot;}\">\n\t\t\t\t\t\t<div class=\"elementor-container elementor-column-gap-no\">\n\t\t\t\t\t<div class=\"elementor-column elementor-col-100 elementor-top-column elementor-element elementor-element-5e9045c\" data-id=\"5e9045c\" data-element_type=\"column\">\n\t\t\t<div class=\"elementor-widget-wrap elementor-element-populated\">\n\t\t\t\t\t\t<section class=\"elementor-section elementor-inner-section elementor-element elementor-element-59eadca elementor-section-boxed elementor-section-height-default elementor-section-height-default\" data-id=\"59eadca\" data-element_type=\"section\">\n\t\t\t\t\t\t<div class=\"elementor-container elementor-column-gap-no\">\n\t\t\t\t\t<div class=\"elementor-column elementor-col-100 elementor-inner-column elementor-element elementor-element-5ffd14b\" data-id=\"5ffd14b\" data-element_type=\"column\">\n\t\t\t<div class=\"elementor-widget-wrap elementor-element-populated\">\n\t\t\t\t\t\t<div class=\"elementor-element elementor-element-1bf1263 elementor-widget elementor-widget-heading\" data-id=\"1bf1263\" data-element_type=\"widget\" data-widget_type=\"heading.default\">\n\t\t\t\t<div class=\"elementor-widget-container\">\n\t\t\t<h3 class=\"elementor-heading-title elementor-size-default\">- Alle Babyprodukte, die Sie brauchen<\/h3>\t\t<\/div>\n\t\t\t\t<\/div>\n\t\t\t\t<div class=\"elementor-element elementor-element-8288f58 elementor-widget elementor-widget-heading\" data-id=\"8288f58\" data-element_type=\"widget\" data-widget_type=\"heading.default\">\n\t\t\t\t<div class=\"elementor-widget-container\">\n\t\t\t<h2 class=\"elementor-heading-title elementor-size-default\">Wir managen alle Produktionsabl\u00e4ufe<\/h2>\t\t<\/div>\n\t\t\t\t<\/div>\n\t\t\t\t\t<\/div>\n\t\t<\/div>\n\t\t\t\t\t<\/div>\n\t\t<\/section>\n\t\t\t\t<div class=\"elementor-element elementor-element-1cb0030 pp-info-box-above-title elementor-widget elementor-widget-pp-info-box-carousel\" data-id=\"1cb0030\" data-element_type=\"widget\" data-widget_type=\"pp-info-box-carousel.default\">\n\t\t\t\t<div class=\"elementor-widget-container\">\n\t\t\t\t\t<div class=\"pp-info-box-container pp-info-box-carousel pp-swiper-slider swiper\" data-slider-settings=\"{&quot;effect&quot;:&quot;slide&quot;,&quot;speed&quot;:500,&quot;slides_per_view&quot;:6,&quot;space_between&quot;:12,&quot;auto_height&quot;:true,&quot;loop&quot;:&quot;yes&quot;,&quot;show_arrows&quot;:true,&quot;slides_per_view_mobile&quot;:1,&quot;space_between_mobile&quot;:10,&quot;slides_per_view_tablet&quot;:2,&quot;space_between_tablet&quot;:10}\">\n\t\t\t\t\t\t\t<div class=\"swiper-wrapper\">\n\t\t\t\n\t\t\t\t\t\t\t<div class=\"pp-info-box swiper-slide\">\n\t\t\t\t\t\n\t\t\t\t\t\t\t\t<div class=\"pp-info-box-icon-wrap\">\n\t\t\t\t\t\t\t\t<span class=\"pp-info-box-icon pp-icon\">\n\t\t\t\t\t\t\t\t\t\t\t\t\t\t\t\t\t\t\t<img decoding=\"async\" src=\"https:\/\/www.riverbabygroup.com\/wp-content\/uploads\/2021\/02\/P04-3-S04-1.jpg\" alt=\"Unser-Mitarbeiter-zeichnet-den-Produktionsprozess-auf\">\n\t\t\t\t\t\t\t\t\t\t\t\t\t\t\t\t\t<\/span>\n\n\t\t\t\t\t\t\t<\/div>\n\t\t\t\n\t\t\t\t\t\n\t\t\t\t\t<div class=\"pp-info-box-content\">\n\t\t\t\t\t\t\t\t<div class=\"pp-info-box-title-wrap\">\n\t\t\t\t\t\t\t<div class=\"pp-info-box-title-container\">\n\t\t\t\t\t<h4 class=\"pp-info-box-title\">\n\t\t\t\t\t\tMaterialpr\u00fcfung\t\t\t\t\t<\/h4>\n\t\t\t\t<\/div>\n\t\t\t\t\t\t<\/div>\n\t\t\n\t\t\t\t\t\t\n\t\t\t\t\t\t\n\t\t\t\t\t\t\t\t\t\t\t<\/div>\n\n\t\t\t\t\t\t\t\t\t<\/div>\n\t\t\t\t\t\t\t<div class=\"pp-info-box swiper-slide\">\n\t\t\t\t\t\n\t\t\t\t\t\t\t\t<div class=\"pp-info-box-icon-wrap\">\n\t\t\t\t\t\t\t\t<span class=\"pp-info-box-icon pp-icon\">\n\t\t\t\t\t\t\t\t\t\t\t\t\t\t\t\t\t\t\t<img decoding=\"async\" src=\"https:\/\/www.riverbabygroup.com\/wp-content\/uploads\/2021\/04\/P04-3-S04-2.jpg\" alt=\"Unser-Mitarbeiter-zeichnet-den-Produktionsprozess-auf\">\n\t\t\t\t\t\t\t\t\t\t\t\t\t\t\t\t\t<\/span>\n\n\t\t\t\t\t\t\t<\/div>\n\t\t\t\n\t\t\t\t\t\n\t\t\t\t\t<div class=\"pp-info-box-content\">\n\t\t\t\t\t\t\t\t<div class=\"pp-info-box-title-wrap\">\n\t\t\t\t\t\t\t<div class=\"pp-info-box-title-container\">\n\t\t\t\t\t<h4 class=\"pp-info-box-title\">\n\t\t\t\t\t\tCNC\t\t\t\t\t<\/h4>\n\t\t\t\t<\/div>\n\t\t\t\t\t\t<\/div>\n\t\t\n\t\t\t\t\t\t\n\t\t\t\t\t\t\n\t\t\t\t\t\t\t\t\t\t\t<\/div>\n\n\t\t\t\t\t\t\t\t\t<\/div>\n\t\t\t\t\t\t\t<div class=\"pp-info-box swiper-slide\">\n\t\t\t\t\t\n\t\t\t\t\t\t\t\t<div class=\"pp-info-box-icon-wrap\">\n\t\t\t\t\t\t\t\t<span class=\"pp-info-box-icon pp-icon\">\n\t\t\t\t\t\t\t\t\t\t\t\t\t\t\t\t\t\t\t<img decoding=\"async\" src=\"https:\/\/www.riverbabygroup.com\/wp-content\/uploads\/2021\/02\/P04-3-S04-3.jpg\" alt=\"Unser-Mitarbeiter-zeichnet-den-Produktionsprozess-auf\">\n\t\t\t\t\t\t\t\t\t\t\t\t\t\t\t\t\t<\/span>\n\n\t\t\t\t\t\t\t<\/div>\n\t\t\t\n\t\t\t\t\t\n\t\t\t\t\t<div class=\"pp-info-box-content\">\n\t\t\t\t\t\t\t\t<div class=\"pp-info-box-title-wrap\">\n\t\t\t\t\t\t\t<div class=\"pp-info-box-title-container\">\n\t\t\t\t\t<h4 class=\"pp-info-box-title\">\n\t\t\t\t\t\tN\u00e4hen\t\t\t\t\t<\/h4>\n\t\t\t\t<\/div>\n\t\t\t\t\t\t<\/div>\n\t\t\n\t\t\t\t\t\t\n\t\t\t\t\t\t\n\t\t\t\t\t\t\t\t\t\t\t<\/div>\n\n\t\t\t\t\t\t\t\t\t<\/div>\n\t\t\t\t\t\t\t<div class=\"pp-info-box swiper-slide\">\n\t\t\t\t\t\n\t\t\t\t\t\t\t\t<div class=\"pp-info-box-icon-wrap\">\n\t\t\t\t\t\t\t\t<span class=\"pp-info-box-icon pp-icon\">\n\t\t\t\t\t\t\t\t\t\t\t\t\t\t\t\t\t\t\t<img decoding=\"async\" src=\"https:\/\/www.riverbabygroup.com\/wp-content\/uploads\/2021\/04\/P04-3-S04-4.jpg\" alt=\"Unser-Mitarbeiter-testet-Kinderwagen\">\n\t\t\t\t\t\t\t\t\t\t\t\t\t\t\t\t\t<\/span>\n\n\t\t\t\t\t\t\t<\/div>\n\t\t\t\n\t\t\t\t\t\n\t\t\t\t\t<div class=\"pp-info-box-content\">\n\t\t\t\t\t\t\t\t<div class=\"pp-info-box-title-wrap\">\n\t\t\t\t\t\t\t<div class=\"pp-info-box-title-container\">\n\t\t\t\t\t<h4 class=\"pp-info-box-title\">\n\t\t\t\t\t\tPr\u00fcfung\t\t\t\t\t<\/h4>\n\t\t\t\t<\/div>\n\t\t\t\t\t\t<\/div>\n\t\t\n\t\t\t\t\t\t\n\t\t\t\t\t\t\n\t\t\t\t\t\t\t\t\t\t\t<\/div>\n\n\t\t\t\t\t\t\t\t\t<\/div>\n\t\t\t\t\t\t\t<div class=\"pp-info-box swiper-slide\">\n\t\t\t\t\t\n\t\t\t\t\t\t\t\t<div class=\"pp-info-box-icon-wrap\">\n\t\t\t\t\t\t\t\t<span class=\"pp-info-box-icon pp-icon\">\n\t\t\t\t\t\t\t\t\t\t\t\t\t\t\t\t\t\t\t<img decoding=\"async\" src=\"https:\/\/www.riverbabygroup.com\/wp-content\/uploads\/2021\/04\/P04-3-S04-5.jpg\" alt=\"Unser-Mitarbeiter-baut-Kinderwagen\">\n\t\t\t\t\t\t\t\t\t\t\t\t\t\t\t\t\t<\/span>\n\n\t\t\t\t\t\t\t<\/div>\n\t\t\t\n\t\t\t\t\t\n\t\t\t\t\t<div class=\"pp-info-box-content\">\n\t\t\t\t\t\t\t\t<div class=\"pp-info-box-title-wrap\">\n\t\t\t\t\t\t\t<div class=\"pp-info-box-title-container\">\n\t\t\t\t\t<h4 class=\"pp-info-box-title\">\n\t\t\t\t\t\tMontage\t\t\t\t\t<\/h4>\n\t\t\t\t<\/div>\n\t\t\t\t\t\t<\/div>\n\t\t\n\t\t\t\t\t\t\n\t\t\t\t\t\t\n\t\t\t\t\t\t\t\t\t\t\t<\/div>\n\n\t\t\t\t\t\t\t\t\t<\/div>\n\t\t\t\t\t\t\t<div class=\"pp-info-box swiper-slide\">\n\t\t\t\t\t\n\t\t\t\t\t\t\t\t<div class=\"pp-info-box-icon-wrap\">\n\t\t\t\t\t\t\t\t<span class=\"pp-info-box-icon pp-icon\">\n\t\t\t\t\t\t\t\t\t\t\t\t\t\t\t\t\t\t\t<img decoding=\"async\" src=\"https:\/\/www.riverbabygroup.com\/wp-content\/uploads\/2021\/02\/P04-3-S04-6.jpg\" alt=\"Unser-Mitarbeiter-verpackt-Kinderwagen\">\n\t\t\t\t\t\t\t\t\t\t\t\t\t\t\t\t\t<\/span>\n\n\t\t\t\t\t\t\t<\/div>\n\t\t\t\n\t\t\t\t\t\n\t\t\t\t\t<div class=\"pp-info-box-content\">\n\t\t\t\t\t\t\t\t<div class=\"pp-info-box-title-wrap\">\n\t\t\t\t\t\t\t<div class=\"pp-info-box-title-container\">\n\t\t\t\t\t<h4 class=\"pp-info-box-title\">\n\t\t\t\t\t\tVerpackung\t\t\t\t\t<\/h4>\n\t\t\t\t<\/div>\n\t\t\t\t\t\t<\/div>\n\t\t\n\t\t\t\t\t\t\n\t\t\t\t\t\t\n\t\t\t\t\t\t\t\t\t\t\t<\/div>\n\n\t\t\t\t\t\t\t\t\t<\/div>\n\t\t\t\n\t\t\t\t\t\t\t<\/div>\n\t\t\t\t\t\t\t\t<div class=\"pp-slider-arrow elementor-swiper-button-prev swiper-button-prev-1cb0030\" role=\"button\" tabindex=\"0\">\n\t\t\t\t\t<i aria-hidden=\"true\" class=\"fas fa-angle-left\"><\/i>\t\t\t\t<\/div>\n\t\t\t\t<div class=\"pp-slider-arrow elementor-swiper-button-next swiper-button-next-1cb0030\" role=\"button\" tabindex=\"0\">\n\t\t\t\t\t<i aria-hidden=\"true\" class=\"fas fa-angle-right\"><\/i>\t\t\t\t<\/div>\n\t\t\t\t\t<\/div>\n\t\t\t\t<\/div>\n\t\t\t\t<\/div>\n\t\t\t\t\t<\/div>\n\t\t<\/div>\n\t\t\t\t\t<\/div>\n\t\t<\/section>\n\t\t\t\t<\/div>","protected":false},"excerpt":{"rendered":"<p>Produktionsmanagement Home Wir sorgen f\u00fcr eine schnellere Produktion und gleichbleibende Qualit\u00e4t Jeder Aspekt der Produktion wird von uns \u00fcberwacht, um eine einheitliche Qualit\u00e4t zu gew\u00e4hrleisten. Ausl\u00e4ndische Kunden k\u00f6nnen unser umfassendes Produktionsmanagement in Anspruch nehmen, das es ihnen erm\u00f6glicht, unsere Abl\u00e4ufe zu \u00fcberwachen und sich \u00fcber unsere Fortschritte zu informieren. Sie k\u00f6nnen mit unserem Team \u00fcber unsere Website kommunizieren [...]<\/p>","protected":false},"author":1,"featured_media":0,"parent":0,"menu_order":0,"comment_status":"closed","ping_status":"closed","template":"elementor_header_footer","meta":{"_acf_changed":false,"footnotes":""},"class_list":["post-46","page","type-page","status-publish","hentry"],"acf":[],"_links":{"self":[{"href":"https:\/\/www.riverbabygroup.com\/de\/wp-json\/wp\/v2\/pages\/46","targetHints":{"allow":["GET"]}}],"collection":[{"href":"https:\/\/www.riverbabygroup.com\/de\/wp-json\/wp\/v2\/pages"}],"about":[{"href":"https:\/\/www.riverbabygroup.com\/de\/wp-json\/wp\/v2\/types\/page"}],"author":[{"embeddable":true,"href":"https:\/\/www.riverbabygroup.com\/de\/wp-json\/wp\/v2\/users\/1"}],"replies":[{"embeddable":true,"href":"https:\/\/www.riverbabygroup.com\/de\/wp-json\/wp\/v2\/comments?post=46"}],"version-history":[{"count":110,"href":"https:\/\/www.riverbabygroup.com\/de\/wp-json\/wp\/v2\/pages\/46\/revisions"}],"predecessor-version":[{"id":6490,"href":"https:\/\/www.riverbabygroup.com\/de\/wp-json\/wp\/v2\/pages\/46\/revisions\/6490"}],"wp:attachment":[{"href":"https:\/\/www.riverbabygroup.com\/de\/wp-json\/wp\/v2\/media?parent=46"}],"curies":[{"name":"wp","href":"https:\/\/api.w.org\/{rel}","templated":true}]}}