{"id":74,"date":"2020-11-30T02:24:50","date_gmt":"2020-11-30T02:24:50","guid":{"rendered":"https:\/\/www.riverbabygroup.com\/?page_id=74"},"modified":"2022-09-19T08:50:47","modified_gmt":"2022-09-19T08:50:47","slug":"wie-es-funktioniert","status":"publish","type":"page","link":"https:\/\/www.riverbabygroup.com\/de\/wie-es-funktioniert\/","title":{"rendered":"Wie wir arbeiten"},"content":{"rendered":"<div data-elementor-type=\"wp-page\" data-elementor-id=\"74\" class=\"elementor elementor-74\" data-elementor-post-type=\"page\">\n\t\t\t\t\t\t<section class=\"elementor-section elementor-top-section elementor-element elementor-element-4a94f86 elementor-section-height-min-height elementor-section-full_width elementor-section-stretched elementor-section-height-default elementor-section-items-middle\" data-id=\"4a94f86\" data-element_type=\"section\" id=\"UP\" data-settings=\"{&quot;background_background&quot;:&quot;gradient&quot;,&quot;stretch_section&quot;:&quot;section-stretched&quot;}\">\n\t\t\t\t\t\t\t<div class=\"elementor-background-overlay\"><\/div>\n\t\t\t\t\t\t\t<div class=\"elementor-container elementor-column-gap-default\">\n\t\t\t\t\t<div class=\"elementor-column elementor-col-100 elementor-top-column elementor-element elementor-element-6c454d5\" data-id=\"6c454d5\" data-element_type=\"column\">\n\t\t\t<div class=\"elementor-widget-wrap elementor-element-populated\">\n\t\t\t\t\t\t<section class=\"elementor-section elementor-inner-section elementor-element elementor-element-9dab817 elementor-section-boxed elementor-section-height-default elementor-section-height-default\" data-id=\"9dab817\" data-element_type=\"section\" data-settings=\"{&quot;background_background&quot;:&quot;classic&quot;}\">\n\t\t\t\t\t\t<div class=\"elementor-container elementor-column-gap-no\">\n\t\t\t\t\t<div class=\"elementor-column elementor-col-100 elementor-inner-column elementor-element elementor-element-04b90de\" data-id=\"04b90de\" data-element_type=\"column\">\n\t\t\t<div class=\"elementor-widget-wrap elementor-element-populated\">\n\t\t\t\t\t\t<div class=\"elementor-element elementor-element-dceeba8 elementor-widget elementor-widget-heading\" data-id=\"dceeba8\" data-element_type=\"widget\" data-widget_type=\"heading.default\">\n\t\t\t\t<div class=\"elementor-widget-container\">\n\t\t\t<h1 class=\"elementor-heading-title elementor-size-default\">Wie wir arbeiten<\/h1>\t\t<\/div>\n\t\t\t\t<\/div>\n\t\t\t\t<div class=\"elementor-element elementor-element-b862d0c elementor-widget elementor-widget-pp-breadcrumbs\" data-id=\"b862d0c\" data-element_type=\"widget\" data-settings=\"{&quot;breadcrumbs_type&quot;:&quot;powerpack&quot;}\" data-widget_type=\"pp-breadcrumbs.default\">\n\t\t\t\t<div class=\"elementor-widget-container\">\n\t\t\t<ul class=\"pp-breadcrumbs pp-breadcrumbs-powerpack\">\t\t<li class=\"pp-breadcrumbs-item pp-breadcrumbs-item-home\">\n\t\t\t<a class=\"pp-breadcrumbs-crumb pp-breadcrumbs-crumb-link pp-breadcrumbs-crumb-home\" href=\"https:\/\/www.riverbabygroup.com\/de\" title=\"Startseite\">\n\t\t\t\t<span class=\"pp-breadcrumbs-text\">\n\t\t\t\t\t\t\t\t\t\tStartseite\t\t\t\t<\/span>\n\t\t\t<\/a>\n\t\t<\/li>\n\t\t<li class=\"pp-breadcrumbs-separator\">\t\t\t\t<span class='pp-separator-icon pp-icon'>\n\t\t\t\t\t<i aria-hidden=\"true\" class=\"fas fa-angle-right\"><\/i>\t\t\t\t<\/span>\n\t\t\t\t<\/li><\/ul>\t\t<\/div>\n\t\t\t\t<\/div>\n\t\t\t\t\t<\/div>\n\t\t<\/div>\n\t\t\t\t\t<\/div>\n\t\t<\/section>\n\t\t\t\t\t<\/div>\n\t\t<\/div>\n\t\t\t\t\t<\/div>\n\t\t<\/section>\n\t\t\t\t<section class=\"elementor-section elementor-top-section elementor-element elementor-element-3c6b163 elementor-section-boxed elementor-section-height-default elementor-section-height-default\" data-id=\"3c6b163\" data-element_type=\"section\">\n\t\t\t\t\t\t<div class=\"elementor-container elementor-column-gap-default\">\n\t\t\t\t\t<div class=\"elementor-column elementor-col-100 elementor-top-column elementor-element elementor-element-600eead\" data-id=\"600eead\" data-element_type=\"column\">\n\t\t\t<div class=\"elementor-widget-wrap elementor-element-populated\">\n\t\t\t\t\t\t<div class=\"elementor-element elementor-element-4d2be4c elementor-widget elementor-widget-pp-timeline\" data-id=\"4d2be4c\" data-element_type=\"widget\" data-settings=\"{&quot;layout&quot;:&quot;vertical&quot;,&quot;dates&quot;:&quot;yes&quot;,&quot;card_arrow&quot;:&quot;yes&quot;,&quot;animate_cards&quot;:&quot;yes&quot;,&quot;direction&quot;:&quot;center&quot;,&quot;direction_tablet&quot;:&quot;left&quot;,&quot;direction_mobile&quot;:&quot;left&quot;}\" data-widget_type=\"pp-timeline.default\">\n\t\t\t\t<div class=\"elementor-widget-container\">\n\t\t\t\t\t<div class=\"pp-timeline-wrapper\">\n\t\t\t\n\t\t\t<div class=\"pp-timeline pp-timeline-vertical pp-timeline-center pp-timeline-dates pp-timeline-arrows-middle\">\n\t\t\t\t\t\t\t\t\t<div class=\"pp-timeline-connector-wrap\">\n\t\t\t\t\t\t<div class=\"pp-timeline-connector\">\n\t\t\t\t\t\t\t<div class=\"pp-timeline-connector-inner\">\n\t\t\t\t\t\t\t<\/div>\n\t\t\t\t\t\t<\/div>\n\t\t\t\t\t<\/div>\n\t\t\t\t\t\t\t\t<div class=\"pp-timeline-items\">\n\t\t\t\t\t\t\t\t<div class=\"pp-timeline-item pp-timeline-item-left elementor-repeater-item-1bf7fe6 pp-timeline-item-hidden\">\n\t\t\t\t<div class=\"pp-timeline-card-wrapper\">\n\t\t\t\t\t\t\t\t\t\t\t\t\t\t\t<div class=\"pp-timeline-arrow\"><\/div>\n\t\t\t\t\t\t\t\t\t\t<div class=\"pp-timeline-card\">\n\t\t\t\t\t\t\t\t\t\t<div class=\"pp-timeline-card-image\">\n\t\t\t\t\t<img fetchpriority=\"high\" decoding=\"async\" width=\"580\" height=\"387\" src=\"https:\/\/www.riverbabygroup.com\/wp-content\/uploads\/2021\/04\/P05-S02.jpg\" class=\"attachment-large size-large wp-image-5961\" alt=\"Ein-Kunden-Manager-geht-unseren-Kunden-nach&#039;s-Bed\u00fcrfnissen\" \/>\t\t\t\t<\/div>\n\t\t\t\t\t\t\t\t\t\t\t\t\t\t\t\t\t<div class=\"pp-timeline-card-title-wrap\">\n\t\t\t\t\t\t\t\t\t\t\t\t\t\t\t\t\t\t\t\t\t\t\t\t\t\t\t<div class=\"pp-timeline-card-date\">\n\t\t\t\t\t\t\t\t\t\t\t\t\t\t\t\t\t\t\t\t\t<\/div>\n\t\t\t\t\t\t\t\t\t\t\t\t\t\t\t\t\t\t\t\t\t\t\t\t\t\t\t\t\t\t\t\t\t\t\t\t\t\t\t\t\t\t\t<h2 class=\"pp-timeline-card-title\">\n\t\t\t\t\t\t\t\t\t\t  Verstehen Sie Ihre Bed\u00fcrfnisse\t\t\t\t\t\t\t\t\t<\/h2>\n\t\t\t\t\t\t\t\t\t\t\t\t\t\t\t<\/div>\n\t\t\t\t\t\t\t\t\t\t\t\t\t\t\t\t\t\t\t\t\t\t\t\t\t<div class=\"pp-timeline-card-content\">\n\t\t\t\t\t\t\t\t<p>Vom ersten Kontakt an bespricht unser Designteam mit Ihnen, um Ihre Pl\u00e4ne f\u00fcr das Baby-Produktprojekt, Ihren Zielmarkt und die von Ihnen gew\u00e4hlten Materialien vollst\u00e4ndig zu verstehen.<\/p><p>\u00a0<\/p><p>W\u00e4hrend des gesamten Beratungsprozesses stellen wir Ihnen auch unsere Expertenmeinungen zur Verf\u00fcgung, die auf Markttrends und Erfahrungen beruhen und Ihre Projektideen verbessern sollen.<\/p>\t\t\t\t\t\t\t<\/div>\n\t\t\t\t\t\t\t\t\t\t\t<\/div>\n\t\t\t\t\t\t\t\t\t\t<\/a>\n\t\t\t\t\t\t\t\t\t<\/div>\n\n\t\t\t\t\t\t\t\t\t\t\t<div class=\"pp-timeline-marker-wrapper\">\n\t\t\t\n\t\t\t<div class=\"pp-timeline-marker\">\n\t\t\t\t1\t\t\t<\/div>\n\t\t<\/div>\n\t\t\t\t\t<div class=\"pp-timeline-card-date-wrapper\">\n\t\t\t\t\t\t\t\t\t<div class=\"pp-timeline-card-date\">\n\t\t\t\t\t\t\t\t\t\t\t<\/div>\n\t\t\t\t\t\t\t<\/div>\n\t\t\t\t\t\t\t\t\t\t\t<\/div>\n\t\t\t\t\t\t<div class=\"pp-timeline-item pp-timeline-item-right elementor-repeater-item-b65461c pp-timeline-item-hidden\">\n\t\t\t\t<div class=\"pp-timeline-card-wrapper\">\n\t\t\t\t\t\t\t\t\t\t\t\t\t\t\t<div class=\"pp-timeline-arrow\"><\/div>\n\t\t\t\t\t\t\t\t\t\t<div class=\"pp-timeline-card\">\n\t\t\t\t\t\t\t\t\t\t<div class=\"pp-timeline-card-image\">\n\t\t\t\t\t<img decoding=\"async\" width=\"580\" height=\"387\" src=\"https:\/\/www.riverbabygroup.com\/wp-content\/uploads\/2021\/02\/P05-S03.jpg\" class=\"attachment-large size-large wp-image-4182\" alt=\"Ein-Konstrukteur-verwendet-CAD-Software-f\u00fcr-Entw\u00fcrfe\" \/>\t\t\t\t<\/div>\n\t\t\t\t\t\t\t\t\t\t\t\t\t\t\t\t\t<div class=\"pp-timeline-card-title-wrap\">\n\t\t\t\t\t\t\t\t\t\t\t\t\t\t\t\t\t\t\t\t\t\t\t\t\t\t\t<div class=\"pp-timeline-card-date\">\n\t\t\t\t\t\t\t\t\t\t\t\t\t\t\t\t\t\t\t\t\t<\/div>\n\t\t\t\t\t\t\t\t\t\t\t\t\t\t\t\t\t\t\t\t\t\t\t\t\t\t\t\t\t\t\t\t\t\t\t\t\t\t\t\t\t\t\t<h2 class=\"pp-timeline-card-title\">\n\t\t\t\t\t\t\t\t\t\tFertigstellung Ihres Entwurfs\t\t\t\t\t\t\t\t\t<\/h2>\n\t\t\t\t\t\t\t\t\t\t\t\t\t\t\t<\/div>\n\t\t\t\t\t\t\t\t\t\t\t\t\t\t\t\t\t\t\t\t\t\t\t\t\t<div class=\"pp-timeline-card-content\">\n\t\t\t\t\t\t\t\t<p>Nach dem Beratungsprozess setzt unser Designteam die gewonnenen Informationen in funktionale und marktf\u00e4hige Babyprodukte um.<\/p><p>\u00a0<\/p><p>Die Babyprodukte werden sorgf\u00e4ltig entworfen, um Ihre Ideen und Ihre Marke zu pr\u00e4sentieren und um die von Ihnen gew\u00fcnschten \u00c4nderungen oder Merkmale hervorzuheben.<\/p><p>\u00a0<\/p><p>Der Entwurf wird dann zur Best\u00e4tigung und Genehmigung an Sie weitergeleitet.<\/p>\t\t\t\t\t\t\t<\/div>\n\t\t\t\t\t\t\t\t\t\t\t<\/div>\n\t\t\t\t\t\t\t\t\t\t<\/a>\n\t\t\t\t\t\t\t\t\t<\/div>\n\n\t\t\t\t\t\t\t\t\t\t\t<div class=\"pp-timeline-marker-wrapper\">\n\t\t\t\n\t\t\t<div class=\"pp-timeline-marker\">\n\t\t\t\t2\t\t\t<\/div>\n\t\t<\/div>\n\t\t\t\t\t<div class=\"pp-timeline-card-date-wrapper\">\n\t\t\t\t\t\t\t\t\t<div class=\"pp-timeline-card-date\">\n\t\t\t\t\t\t\t\t\t\t\t<\/div>\n\t\t\t\t\t\t\t<\/div>\n\t\t\t\t\t\t\t\t\t\t\t<\/div>\n\t\t\t\t\t\t<div class=\"pp-timeline-item pp-timeline-item-left elementor-repeater-item-9b59b6d pp-timeline-item-hidden\">\n\t\t\t\t<div class=\"pp-timeline-card-wrapper\">\n\t\t\t\t\t\t\t\t\t\t\t\t\t\t\t<div class=\"pp-timeline-arrow\"><\/div>\n\t\t\t\t\t\t\t\t\t\t<div class=\"pp-timeline-card\">\n\t\t\t\t\t\t\t\t\t\t<div class=\"pp-timeline-card-image\">\n\t\t\t\t\t<img decoding=\"async\" width=\"580\" height=\"387\" src=\"https:\/\/www.riverbabygroup.com\/wp-content\/uploads\/2021\/02\/P05-S04.jpg\" class=\"attachment-large size-large wp-image-4183\" alt=\"Unsere-Mitarbeiter-und-Kunden-pr\u00fcfen-die-Preise\" \/>\t\t\t\t<\/div>\n\t\t\t\t\t\t\t\t\t\t\t\t\t\t\t\t\t<div class=\"pp-timeline-card-title-wrap\">\n\t\t\t\t\t\t\t\t\t\t\t\t\t\t\t\t\t\t\t\t\t\t\t\t\t\t\t<div class=\"pp-timeline-card-date\">\n\t\t\t\t\t\t\t\t\t\t\t\t\t\t\t\t\t\t\t\t\t<\/div>\n\t\t\t\t\t\t\t\t\t\t\t\t\t\t\t\t\t\t\t\t\t\t\t\t\t\t\t\t\t\t\t\t\t\t\t\t\t\t\t\t\t\t\t<h2 class=\"pp-timeline-card-title\">\n\t\t\t\t\t\t\t\t\t\tUmfassendes Angebot\t\t\t\t\t\t\t\t\t<\/h2>\n\t\t\t\t\t\t\t\t\t\t\t\t\t\t\t<\/div>\n\t\t\t\t\t\t\t\t\t\t\t\t\t\t\t\t\t\t\t\t\t\t\t\t\t<div class=\"pp-timeline-card-content\">\n\t\t\t\t\t\t\t\t<p>Nach Fertigstellung des Entwurfs erstellen wir einen vollst\u00e4ndigen Kostenvoranschlag f\u00fcr das Projekt, in dem die Kosten f\u00fcr Material, Produktion und andere mit dem Projekt verbundene Kosten aufgef\u00fchrt sind.<\/p><p>\u00a0<\/p><p>Durch unsere integrierte Lieferkette k\u00f6nnen wir Ihnen 2-3 wettbewerbsf\u00e4hige Angebote unterbreiten, so dass Sie die beste Option f\u00fcr Ihre Ziele ausw\u00e4hlen k\u00f6nnen.<\/p><p>\u00a0<\/p><p>Nachdem Sie das Angebot gepr\u00fcft und genehmigt haben, geht das Projekt in die Produktionsphase \u00fcber.\u00a0\u00a0<\/p>\t\t\t\t\t\t\t<\/div>\n\t\t\t\t\t\t\t\t\t\t\t<\/div>\n\t\t\t\t\t\t\t\t\t\t<\/a>\n\t\t\t\t\t\t\t\t\t<\/div>\n\n\t\t\t\t\t\t\t\t\t\t\t<div class=\"pp-timeline-marker-wrapper\">\n\t\t\t\n\t\t\t<div class=\"pp-timeline-marker\">\n\t\t\t\t3\t\t\t<\/div>\n\t\t<\/div>\n\t\t\t\t\t<div class=\"pp-timeline-card-date-wrapper\">\n\t\t\t\t\t\t\t\t\t<div class=\"pp-timeline-card-date\">\n\t\t\t\t\t\t\t\t\t\t\t<\/div>\n\t\t\t\t\t\t\t<\/div>\n\t\t\t\t\t\t\t\t\t\t\t<\/div>\n\t\t\t\t\t\t<div class=\"pp-timeline-item pp-timeline-item-right elementor-repeater-item-5ebb293 pp-timeline-item-hidden\">\n\t\t\t\t<div class=\"pp-timeline-card-wrapper\">\n\t\t\t\t\t\t\t\t\t\t\t\t\t\t\t<div class=\"pp-timeline-arrow\"><\/div>\n\t\t\t\t\t\t\t\t\t\t<div class=\"pp-timeline-card\">\n\t\t\t\t\t\t\t\t\t\t<div class=\"pp-timeline-card-image\">\n\t\t\t\t\t<img loading=\"lazy\" decoding=\"async\" width=\"580\" height=\"387\" src=\"https:\/\/www.riverbabygroup.com\/wp-content\/uploads\/2021\/04\/P05-S05.jpg\" class=\"attachment-large size-large wp-image-6273\" alt=\"Unser-Team-best\u00e4tigt-Muster-und-die-Verpackung\" \/>\t\t\t\t<\/div>\n\t\t\t\t\t\t\t\t\t\t\t\t\t\t\t\t\t<div class=\"pp-timeline-card-title-wrap\">\n\t\t\t\t\t\t\t\t\t\t\t\t\t\t\t\t\t\t\t\t\t\t\t\t\t\t\t<div class=\"pp-timeline-card-date\">\n\t\t\t\t\t\t\t\t\t\t\t\t\t\t\t\t\t\t\t\t\t<\/div>\n\t\t\t\t\t\t\t\t\t\t\t\t\t\t\t\t\t\t\t\t\t\t\t\t\t\t\t\t\t\t\t\t\t\t\t\t\t\t\t\t\t\t\t<h2 class=\"pp-timeline-card-title\">\n\t\t\t\t\t\t\t\t\t\tMuster Best\u00e4tigung\t\t\t\t\t\t\t\t\t<\/h2>\n\t\t\t\t\t\t\t\t\t\t\t\t\t\t\t<\/div>\n\t\t\t\t\t\t\t\t\t\t\t\t\t\t\t\t\t\t\t\t\t\t\t\t\t<div class=\"pp-timeline-card-content\">\n\t\t\t\t\t\t\t\t<p>Unser Team fertigt ein Muster des endg\u00fcltigen Entwurfs an, um die tats\u00e4chliche Funktionalit\u00e4t des Babyprodukts zu testen und zu \u00fcberpr\u00fcfen. Das fertige Muster wird Ihnen zur \u00dcberpr\u00fcfung zugeschickt, damit Sie feststellen k\u00f6nnen, ob das Babyprodukt zu Ihrer Zufriedenheit ist.<\/p><p>\u00a0<\/p><p>Wenn wir Ihren Anforderungen entsprechen, werden wir in die Produktion \u00fcbergehen.<\/p>\t\t\t\t\t\t\t<\/div>\n\t\t\t\t\t\t\t\t\t\t\t<\/div>\n\t\t\t\t\t\t\t\t\t\t<\/a>\n\t\t\t\t\t\t\t\t\t<\/div>\n\n\t\t\t\t\t\t\t\t\t\t\t<div class=\"pp-timeline-marker-wrapper\">\n\t\t\t\n\t\t\t<div class=\"pp-timeline-marker\">\n\t\t\t\t4\t\t\t<\/div>\n\t\t<\/div>\n\t\t\t\t\t<div class=\"pp-timeline-card-date-wrapper\">\n\t\t\t\t\t\t\t\t\t<div class=\"pp-timeline-card-date\">\n\t\t\t\t\t\t\t\t\t\t\t<\/div>\n\t\t\t\t\t\t\t<\/div>\n\t\t\t\t\t\t\t\t\t\t\t<\/div>\n\t\t\t\t\t\t<div class=\"pp-timeline-item pp-timeline-item-left elementor-repeater-item-a95a746 pp-timeline-item-hidden\">\n\t\t\t\t<div class=\"pp-timeline-card-wrapper\">\n\t\t\t\t\t\t\t\t\t\t\t\t\t\t\t<div class=\"pp-timeline-arrow\"><\/div>\n\t\t\t\t\t\t\t\t\t\t<div class=\"pp-timeline-card\">\n\t\t\t\t\t\t\t\t\t\t<div class=\"pp-timeline-card-image\">\n\t\t\t\t\t<img loading=\"lazy\" decoding=\"async\" width=\"580\" height=\"387\" src=\"https:\/\/www.riverbabygroup.com\/wp-content\/uploads\/2021\/02\/P05-S06.jpg\" class=\"attachment-large size-large wp-image-4197\" alt=\"Unser-Team-verfolgt-den-Produktionsprozess-und-erfasst-es\" \/>\t\t\t\t<\/div>\n\t\t\t\t\t\t\t\t\t\t\t\t\t\t\t\t\t<div class=\"pp-timeline-card-title-wrap\">\n\t\t\t\t\t\t\t\t\t\t\t\t\t\t\t\t\t\t\t\t\t\t\t\t\t\t\t<div class=\"pp-timeline-card-date\">\n\t\t\t\t\t\t\t\t\t\t\t\t\t\t\t\t\t\t\t\t\t<\/div>\n\t\t\t\t\t\t\t\t\t\t\t\t\t\t\t\t\t\t\t\t\t\t\t\t\t\t\t\t\t\t\t\t\t\t\t\t\t\t\t\t\t\t\t<h2 class=\"pp-timeline-card-title\">\n\t\t\t\t\t\t\t\t\t\tHerstellung und Qualit\u00e4tskontrolle\t\t\t\t\t\t\t\t\t<\/h2>\n\t\t\t\t\t\t\t\t\t\t\t\t\t\t\t<\/div>\n\t\t\t\t\t\t\t\t\t\t\t\t\t\t\t\t\t\t\t\t\t\t\t\t\t<div class=\"pp-timeline-card-content\">\n\t\t\t\t\t\t\t\t<p>Unser zuverl\u00e4ssiger Herstellungsprozess arbeitet mit automatisierten Produktionslinien und etablierten Standards und sorgt daf\u00fcr, dass Ihr Baby-Produktprojekt innerhalb des vorgegebenen Zeitrahmens fertiggestellt wird.<\/p><p>\u00a0<\/p><p>Professionelle Qualit\u00e4tskontrollen werden w\u00e4hrend der gesamten Produktion und vor der Verpackung durchgef\u00fchrt, um sicherzustellen, dass unsere Qualit\u00e4tsstandards von Anfang bis Ende eingehalten werden.<\/p>\t\t\t\t\t\t\t<\/div>\n\t\t\t\t\t\t\t\t\t\t\t<\/div>\n\t\t\t\t\t\t\t\t\t\t<\/a>\n\t\t\t\t\t\t\t\t\t<\/div>\n\n\t\t\t\t\t\t\t\t\t\t\t<div class=\"pp-timeline-marker-wrapper\">\n\t\t\t\n\t\t\t<div class=\"pp-timeline-marker\">\n\t\t\t\t5\t\t\t<\/div>\n\t\t<\/div>\n\t\t\t\t\t<div class=\"pp-timeline-card-date-wrapper\">\n\t\t\t\t\t\t\t\t\t<div class=\"pp-timeline-card-date\">\n\t\t\t\t\t\t\t\t\t\t\t<\/div>\n\t\t\t\t\t\t\t<\/div>\n\t\t\t\t\t\t\t\t\t\t\t<\/div>\n\t\t\t\t\t\t<div class=\"pp-timeline-item pp-timeline-item-right elementor-repeater-item-501dca3 pp-timeline-item-hidden\">\n\t\t\t\t<div class=\"pp-timeline-card-wrapper\">\n\t\t\t\t\t\t\t\t\t\t\t\t\t\t\t<div class=\"pp-timeline-arrow\"><\/div>\n\t\t\t\t\t\t\t\t\t\t<div class=\"pp-timeline-card\">\n\t\t\t\t\t\t\t\t\t\t<div class=\"pp-timeline-card-image\">\n\t\t\t\t\t<img loading=\"lazy\" decoding=\"async\" width=\"580\" height=\"387\" src=\"https:\/\/www.riverbabygroup.com\/wp-content\/uploads\/2021\/02\/P05-S07.jpg\" class=\"attachment-full size-full wp-image-3804\" alt=\"Unser-Team-verfolgt-die-Logistik-Lieferungen-im-Lager\" \/>\t\t\t\t<\/div>\n\t\t\t\t\t\t\t\t\t\t\t\t\t\t\t\t\t<div class=\"pp-timeline-card-title-wrap\">\n\t\t\t\t\t\t\t\t\t\t\t\t\t\t\t\t\t\t\t\t\t\t\t\t\t\t\t<div class=\"pp-timeline-card-date\">\n\t\t\t\t\t\t\t\t\t\t\t\t\t\t\t\t\t\t\t\t\t<\/div>\n\t\t\t\t\t\t\t\t\t\t\t\t\t\t\t\t\t\t\t\t\t\t\t\t\t\t\t\t\t\t\t\t\t\t\t\t\t\t\t\t\t\t\t<h2 class=\"pp-timeline-card-title\">\n\t\t\t\t\t\t\t\t\t\tP\u00fcnktliche Logistik\t\t\t\t\t\t\t\t\t<\/h2>\n\t\t\t\t\t\t\t\t\t\t\t\t\t\t\t<\/div>\n\t\t\t\t\t\t\t\t\t\t\t\t\t\t\t\t\t\t\t\t\t\t\t\t\t<div class=\"pp-timeline-card-content\">\n\t\t\t\t\t\t\t\t<p>Wir k\u00fcmmern uns um die Logistik, von den Zollformalit\u00e4ten bis zum internationalen Versand, und arbeiten mit unseren Partner-Logistikunternehmen zusammen, um Ihre Babyartikel p\u00fcnktlich und sicher zu liefern.<\/p><p>\u00a0<\/p><p>Wir stellen Ihnen Details zur Sendungsverfolgung sowie alle relevanten Informationen \u00fcber die Sendung zur Verf\u00fcgung, damit Sie vollen Zugriff auf die Sendung haben und die Lieferfristen einsehen k\u00f6nnen.<\/p>\t\t\t\t\t\t\t<\/div>\n\t\t\t\t\t\t\t\t\t\t\t<\/div>\n\t\t\t\t\t\t\t\t\t\t<\/a>\n\t\t\t\t\t\t\t\t\t<\/div>\n\n\t\t\t\t\t\t\t\t\t\t\t<div class=\"pp-timeline-marker-wrapper\">\n\t\t\t\n\t\t\t<div class=\"pp-timeline-marker\">\n\t\t\t\t6\t\t\t<\/div>\n\t\t<\/div>\n\t\t\t\t\t<div class=\"pp-timeline-card-date-wrapper\">\n\t\t\t\t\t\t\t\t\t<div class=\"pp-timeline-card-date\">\n\t\t\t\t\t\t\t\t\t\t\t<\/div>\n\t\t\t\t\t\t\t<\/div>\n\t\t\t\t\t\t\t\t\t\t\t<\/div>\n\t\t\t\t\t\t<div class=\"pp-timeline-item pp-timeline-item-left elementor-repeater-item-a53da2b pp-timeline-item-hidden\">\n\t\t\t\t<div class=\"pp-timeline-card-wrapper\">\n\t\t\t\t\t\t\t\t\t\t\t\t\t\t\t<div class=\"pp-timeline-arrow\"><\/div>\n\t\t\t\t\t\t\t\t\t\t<div class=\"pp-timeline-card\">\n\t\t\t\t\t\t\t\t\t\t<div class=\"pp-timeline-card-image\">\n\t\t\t\t\t<img loading=\"lazy\" decoding=\"async\" width=\"580\" height=\"387\" src=\"https:\/\/www.riverbabygroup.com\/wp-content\/uploads\/2021\/04\/P05-S08.jpg\" class=\"attachment-full size-full wp-image-6015\" alt=\"Ein-Kunde-und-unser-Kundendienst-Team-bespricht-den-Austausch-von-Teilen\" \/>\t\t\t\t<\/div>\n\t\t\t\t\t\t\t\t\t\t\t\t\t\t\t\t\t<div class=\"pp-timeline-card-title-wrap\">\n\t\t\t\t\t\t\t\t\t\t\t\t\t\t\t\t\t\t\t\t\t\t\t\t\t\t\t<div class=\"pp-timeline-card-date\">\n\t\t\t\t\t\t\t\t\t\t\t\t\t\t\t\t\t\t\t\t\t<\/div>\n\t\t\t\t\t\t\t\t\t\t\t\t\t\t\t\t\t\t\t\t\t\t\t\t\t\t\t\t\t\t\t\t\t\t\t\t\t\t\t\t\t\t\t<h2 class=\"pp-timeline-card-title\">\n\t\t\t\t\t\t\t\t\t\tZuverl\u00e4ssiger After-Sales-Service\t\t\t\t\t\t\t\t\t<\/h2>\n\t\t\t\t\t\t\t\t\t\t\t\t\t\t\t<\/div>\n\t\t\t\t\t\t\t\t\t\t\t\t\t\t\t\t\t\t\t\t\t\t\t\t\t<div class=\"pp-timeline-card-content\">\n\t\t\t\t\t\t\t\t<p>Unsere Partnerschaft endet nicht mit dem Abschluss eines Auftrags, denn unser Serviceteam steht Ihnen auch nach dem Kauf jederzeit mit umfassender Unterst\u00fctzung zur Seite.<\/p><p>\u00a0<\/p><p>Unser Team antwortet auf Anfragen innerhalb von 12 Stunden nach der Anfrage. Dazu geh\u00f6ren Service und umfassende Unterst\u00fctzung, die den Wert Ihrer Babyprodukte erh\u00f6hen. F\u00fcr unsere Produkte gilt au\u00dferdem eine Garantiezeit von bis zu 3 Jahren.<\/p>\t\t\t\t\t\t\t<\/div>\n\t\t\t\t\t\t\t\t\t\t\t<\/div>\n\t\t\t\t\t\t\t\t\t\t<\/a>\n\t\t\t\t\t\t\t\t\t<\/div>\n\n\t\t\t\t\t\t\t\t\t\t\t<div class=\"pp-timeline-marker-wrapper\">\n\t\t\t\n\t\t\t<div class=\"pp-timeline-marker\">\n\t\t\t\t7\t\t\t<\/div>\n\t\t<\/div>\n\t\t\t\t\t<div class=\"pp-timeline-card-date-wrapper\">\n\t\t\t\t\t\t\t\t\t<div class=\"pp-timeline-card-date\">\n\t\t\t\t\t\t\t\t\t\t\t<\/div>\n\t\t\t\t\t\t\t<\/div>\n\t\t\t\t\t\t\t\t\t\t\t<\/div>\n\t\t\t\t\t\t\t<\/div>\n\t\t\t<\/div>\n\t\t<\/div>\n\t\t\t\t<\/div>\n\t\t\t\t<\/div>\n\t\t\t\t\t<\/div>\n\t\t<\/div>\n\t\t\t\t\t<\/div>\n\t\t<\/section>\n\t\t\t\t<\/div>","protected":false},"excerpt":{"rendered":"<p>Wie wir arbeiten Home Ihre Bed\u00fcrfnisse verstehen Vom ersten Kontakt an bespricht unser Designteam mit Ihnen, um Ihre Pl\u00e4ne f\u00fcr das Babyartikelprojekt, Ihren Zielmarkt und die von Ihnen gew\u00e4hlten Materialien vollst\u00e4ndig zu verstehen. W\u00e4hrend des gesamten Beratungsprozesses stellen wir Ihnen unsere Expertenmeinungen zur Verf\u00fcgung, die auf Markttrends und Erfahrungen beruhen und darauf abzielen, die [...]<\/p>","protected":false},"author":1,"featured_media":0,"parent":0,"menu_order":0,"comment_status":"closed","ping_status":"closed","template":"elementor_header_footer","meta":{"_acf_changed":false,"footnotes":""},"class_list":["post-74","page","type-page","status-publish","hentry"],"acf":[],"_links":{"self":[{"href":"https:\/\/www.riverbabygroup.com\/de\/wp-json\/wp\/v2\/pages\/74","targetHints":{"allow":["GET"]}}],"collection":[{"href":"https:\/\/www.riverbabygroup.com\/de\/wp-json\/wp\/v2\/pages"}],"about":[{"href":"https:\/\/www.riverbabygroup.com\/de\/wp-json\/wp\/v2\/types\/page"}],"author":[{"embeddable":true,"href":"https:\/\/www.riverbabygroup.com\/de\/wp-json\/wp\/v2\/users\/1"}],"replies":[{"embeddable":true,"href":"https:\/\/www.riverbabygroup.com\/de\/wp-json\/wp\/v2\/comments?post=74"}],"version-history":[{"count":81,"href":"https:\/\/www.riverbabygroup.com\/de\/wp-json\/wp\/v2\/pages\/74\/revisions"}],"predecessor-version":[{"id":6494,"href":"https:\/\/www.riverbabygroup.com\/de\/wp-json\/wp\/v2\/pages\/74\/revisions\/6494"}],"wp:attachment":[{"href":"https:\/\/www.riverbabygroup.com\/de\/wp-json\/wp\/v2\/media?parent=74"}],"curies":[{"name":"wp","href":"https:\/\/api.w.org\/{rel}","templated":true}]}}