{"id":46,"date":"2020-11-30T02:19:04","date_gmt":"2020-11-30T02:19:04","guid":{"rendered":"https:\/\/www.riverbabygroup.com\/?page_id=46"},"modified":"2021-04-29T01:09:06","modified_gmt":"2021-04-29T01:09:06","slug":"gestion-de-la-produccion","status":"publish","type":"page","link":"https:\/\/www.riverbabygroup.com\/es\/gestion-de-la-produccion\/","title":{"rendered":"Gesti\u00f3n de la producci\u00f3n"},"content":{"rendered":"<div data-elementor-type=\"wp-page\" data-elementor-id=\"46\" class=\"elementor elementor-46\" data-elementor-post-type=\"page\">\n\t\t\t\t\t\t<section class=\"elementor-section elementor-top-section elementor-element elementor-element-14733cc elementor-section-height-min-height elementor-section-full_width elementor-section-stretched elementor-section-height-default elementor-section-items-middle\" data-id=\"14733cc\" data-element_type=\"section\" id=\"UP\" data-settings=\"{&quot;background_background&quot;:&quot;gradient&quot;,&quot;stretch_section&quot;:&quot;section-stretched&quot;}\">\n\t\t\t\t\t\t\t<div class=\"elementor-background-overlay\"><\/div>\n\t\t\t\t\t\t\t<div class=\"elementor-container elementor-column-gap-default\">\n\t\t\t\t\t<div class=\"elementor-column elementor-col-100 elementor-top-column elementor-element elementor-element-5ac5fbd\" data-id=\"5ac5fbd\" data-element_type=\"column\">\n\t\t\t<div class=\"elementor-widget-wrap elementor-element-populated\">\n\t\t\t\t\t\t<section class=\"elementor-section elementor-inner-section elementor-element elementor-element-5f26762 elementor-section-boxed elementor-section-height-default elementor-section-height-default\" data-id=\"5f26762\" data-element_type=\"section\" data-settings=\"{&quot;background_background&quot;:&quot;classic&quot;}\">\n\t\t\t\t\t\t<div class=\"elementor-container elementor-column-gap-no\">\n\t\t\t\t\t<div class=\"elementor-column elementor-col-100 elementor-inner-column elementor-element elementor-element-fed5d9f\" data-id=\"fed5d9f\" data-element_type=\"column\">\n\t\t\t<div class=\"elementor-widget-wrap elementor-element-populated\">\n\t\t\t\t\t\t<div class=\"elementor-element elementor-element-99a5c07 elementor-widget elementor-widget-heading\" data-id=\"99a5c07\" data-element_type=\"widget\" data-widget_type=\"heading.default\">\n\t\t\t\t<div class=\"elementor-widget-container\">\n\t\t\t<h1 class=\"elementor-heading-title elementor-size-default\">Gesti\u00f3n de la producci\u00f3n<\/h1>\t\t<\/div>\n\t\t\t\t<\/div>\n\t\t\t\t<div class=\"elementor-element elementor-element-bd5dfdb elementor-widget elementor-widget-pp-breadcrumbs\" data-id=\"bd5dfdb\" data-element_type=\"widget\" data-settings=\"{&quot;breadcrumbs_type&quot;:&quot;powerpack&quot;}\" data-widget_type=\"pp-breadcrumbs.default\">\n\t\t\t\t<div class=\"elementor-widget-container\">\n\t\t\t<ul class=\"pp-breadcrumbs pp-breadcrumbs-powerpack\">\t\t<li class=\"pp-breadcrumbs-item pp-breadcrumbs-item-home\">\n\t\t\t<a class=\"pp-breadcrumbs-crumb pp-breadcrumbs-crumb-link pp-breadcrumbs-crumb-home\" href=\"https:\/\/www.riverbabygroup.com\/es\" title=\"Inicio\">\n\t\t\t\t<span class=\"pp-breadcrumbs-text\">\n\t\t\t\t\t\t\t\t\t\tInicio\t\t\t\t<\/span>\n\t\t\t<\/a>\n\t\t<\/li>\n\t\t<li class=\"pp-breadcrumbs-separator\">\t\t\t\t<span class='pp-separator-icon pp-icon'>\n\t\t\t\t\t<i aria-hidden=\"true\" class=\"fas fa-angle-right\"><\/i>\t\t\t\t<\/span>\n\t\t\t\t<\/li><\/ul>\t\t<\/div>\n\t\t\t\t<\/div>\n\t\t\t\t\t<\/div>\n\t\t<\/div>\n\t\t\t\t\t<\/div>\n\t\t<\/section>\n\t\t\t\t\t<\/div>\n\t\t<\/div>\n\t\t\t\t\t<\/div>\n\t\t<\/section>\n\t\t\t\t<section class=\"elementor-section elementor-top-section elementor-element elementor-element-c6c773b elementor-section-boxed elementor-section-height-default elementor-section-height-default\" data-id=\"c6c773b\" data-element_type=\"section\" data-settings=\"{&quot;background_background&quot;:&quot;classic&quot;}\">\n\t\t\t\t\t\t<div class=\"elementor-container elementor-column-gap-no\">\n\t\t\t\t\t<div class=\"elementor-column elementor-col-50 elementor-top-column elementor-element elementor-element-71a9022\" data-id=\"71a9022\" data-element_type=\"column\">\n\t\t\t<div class=\"elementor-widget-wrap elementor-element-populated\">\n\t\t\t\t\t\t<div class=\"elementor-element elementor-element-fc08049 elementor-widget elementor-widget-image\" data-id=\"fc08049\" data-element_type=\"widget\" data-widget_type=\"image.default\">\n\t\t\t\t<div class=\"elementor-widget-container\">\n\t\t\t\t\t\t\t\t\t\t\t\t\t<img fetchpriority=\"high\" decoding=\"async\" width=\"720\" height=\"480\" src=\"https:\/\/www.riverbabygroup.com\/wp-content\/uploads\/2021\/04\/P04-3-S02.jpg\" class=\"attachment-full size-full wp-image-5938\" alt=\"Nuestro-empleado-est\u00e1-grabando-el-proceso-de-producci\u00f3n-en-la-f\u00e1brica-socia\" \/>\t\t\t\t\t\t\t\t\t\t\t\t\t<\/div>\n\t\t\t\t<\/div>\n\t\t\t\t\t<\/div>\n\t\t<\/div>\n\t\t\t\t<div class=\"elementor-column elementor-col-50 elementor-top-column elementor-element elementor-element-aa63644\" data-id=\"aa63644\" data-element_type=\"column\">\n\t\t\t<div class=\"elementor-widget-wrap elementor-element-populated\">\n\t\t\t\t\t\t<div class=\"elementor-element elementor-element-6416dc6 elementor-widget elementor-widget-heading\" data-id=\"6416dc6\" data-element_type=\"widget\" data-widget_type=\"heading.default\">\n\t\t\t\t<div class=\"elementor-widget-container\">\n\t\t\t<h2 class=\"elementor-heading-title elementor-size-default\">Garantizamos una producci\u00f3n m\u00e1s r\u00e1pida y una calidad constante<\/h2>\t\t<\/div>\n\t\t\t\t<\/div>\n\t\t\t\t<div class=\"elementor-element elementor-element-46aab51 elementor-widget elementor-widget-text-editor\" data-id=\"46aab51\" data-element_type=\"widget\" data-widget_type=\"text-editor.default\">\n\t\t\t\t<div class=\"elementor-widget-container\">\n\t\t\t\t\t\t\t<p>Supervisamos todos los aspectos de la producci\u00f3n para garantizar una calidad uniforme.<\/p><p>\u00a0<\/p><p>Los clientes extranjeros pueden beneficiarse de nuestro completo servicio de gesti\u00f3n de la producci\u00f3n, que les permite supervisar nuestras operaciones y recibir informaci\u00f3n actualizada sobre nuestros progresos.<\/p><p>\u00a0<\/p><p>Al poder comunicarnos con nuestro equipo sobre nuestra situaci\u00f3n, podemos evitar defectos de fabricaci\u00f3n al tiempo que cumplimos los plazos y reducimos los costes de mano de obra.<\/p>\t\t\t\t\t\t<\/div>\n\t\t\t\t<\/div>\n\t\t\t\t\t<\/div>\n\t\t<\/div>\n\t\t\t\t\t<\/div>\n\t\t<\/section>\n\t\t\t\t<section class=\"elementor-section elementor-top-section elementor-element elementor-element-7c8e17a elementor-section-boxed elementor-section-height-default elementor-section-height-default\" data-id=\"7c8e17a\" data-element_type=\"section\" data-settings=\"{&quot;background_background&quot;:&quot;classic&quot;}\">\n\t\t\t\t\t\t<div class=\"elementor-container elementor-column-gap-no\">\n\t\t\t\t\t<div class=\"elementor-column elementor-col-100 elementor-top-column elementor-element elementor-element-5420bb8\" data-id=\"5420bb8\" data-element_type=\"column\">\n\t\t\t<div class=\"elementor-widget-wrap elementor-element-populated\">\n\t\t\t\t\t\t<section class=\"elementor-section elementor-inner-section elementor-element elementor-element-99a6256 elementor-section-boxed elementor-section-height-default elementor-section-height-default\" data-id=\"99a6256\" data-element_type=\"section\">\n\t\t\t\t\t\t<div class=\"elementor-container elementor-column-gap-no\">\n\t\t\t\t\t<div class=\"elementor-column elementor-col-100 elementor-inner-column elementor-element elementor-element-253c9bd\" data-id=\"253c9bd\" data-element_type=\"column\">\n\t\t\t<div class=\"elementor-widget-wrap elementor-element-populated\">\n\t\t\t\t\t\t<div class=\"elementor-element elementor-element-f93f308 elementor-widget elementor-widget-heading\" data-id=\"f93f308\" data-element_type=\"widget\" data-widget_type=\"heading.default\">\n\t\t\t\t<div class=\"elementor-widget-container\">\n\t\t\t<h2 class=\"elementor-heading-title elementor-size-default\">Programaci\u00f3n robusta y flexible de la producci\u00f3n<\/h2>\t\t<\/div>\n\t\t\t\t<\/div>\n\t\t\t\t<div class=\"elementor-element elementor-element-7123ca2 elementor-widget elementor-widget-text-editor\" data-id=\"7123ca2\" data-element_type=\"widget\" data-widget_type=\"text-editor.default\">\n\t\t\t\t<div class=\"elementor-widget-container\">\n\t\t\t\t\t\t\t<p>Tenemos en cuenta la demanda de su mercado y nuestra distancia para dise\u00f1ar un horario espec\u00edfico conveniente<\/p><p>para su negocio.<\/p>\t\t\t\t\t\t<\/div>\n\t\t\t\t<\/div>\n\t\t\t\t\t<\/div>\n\t\t<\/div>\n\t\t\t\t\t<\/div>\n\t\t<\/section>\n\t\t\t\t<section class=\"elementor-section elementor-inner-section elementor-element elementor-element-00d689b elementor-section-boxed elementor-section-height-default elementor-section-height-default\" data-id=\"00d689b\" data-element_type=\"section\" data-settings=\"{&quot;background_background&quot;:&quot;classic&quot;}\">\n\t\t\t\t\t\t<div class=\"elementor-container elementor-column-gap-no\">\n\t\t\t\t\t<div class=\"elementor-column elementor-col-50 elementor-inner-column elementor-element elementor-element-17b3b9d\" data-id=\"17b3b9d\" data-element_type=\"column\" data-settings=\"{&quot;background_background&quot;:&quot;classic&quot;}\">\n\t\t\t<div class=\"elementor-widget-wrap elementor-element-populated\">\n\t\t\t\t\t\t<div class=\"elementor-element elementor-element-4d2808b elementor-widget elementor-widget-pp-flipbox\" data-id=\"4d2808b\" data-element_type=\"widget\" data-widget_type=\"pp-flipbox.default\">\n\t\t\t\t<div class=\"elementor-widget-container\">\n\t\t\t\t\t<div class=\"pp-flipbox-container pp-animate-slide pp-direction-up\">\n\t\t\t<div class=\"pp-flipbox-flip-card\">\n\t\t\t\t\t\t<div class=\"pp-flipbox-front\">\n\t\t\t<div class=\"pp-flipbox-overlay\">\n\t\t\t\t<div class=\"pp-flipbox-inner\">\n\t\t\t\t\t<div class=\"pp-flipbox-icon-image\">\n\t\t\t\t\t\t\t\t\t\t\t<\/div>\n\n\t\t\t\t\t<h3 class=\"pp-flipbox-heading\">\n\t\t\t\t\t\tFabricaci\u00f3n en nuestra propia f\u00e1brica\t\t\t\t\t<\/h3>\n\n\t\t\t\t\t<div class=\"pp-flipbox-content\">\n\t\t\t\t\t\t\t\t\t\t\t<\/div>\n\t\t\t\t<\/div>\n\t\t\t<\/div>\n\t\t<\/div>\n\t\t\t\t<div class=\"pp-flipbox-back\">\n\t\t\t\t\t\t<div class=\"pp-flipbox-overlay\">\n\t\t\t\t<div class=\"pp-flipbox-inner\">\n\t\t\t\t\t\n\t\t\t\t\t\n\t\t\t\t\t<div class=\"pp-flipbox-content\">\n\t\t\t\t\t\tLa gesti\u00f3n de cada paso de la fabricaci\u00f3n en nuestras f\u00e1bricas nos permite utilizar eficazmente nuestros recursos para crear productos para beb\u00e9s de alto rendimiento a precios asequibles.\n<br>\n<br>\nPara garantizar la coherencia de nuestra producci\u00f3n, disponemos de talleres y l\u00edneas de producci\u00f3n para el montaje y la terminaci\u00f3n dentro de la zona de la f\u00e1brica. Un centro de pruebas certificado lleva a cabo inspecciones minuciosas en cada paso, al tiempo que cumple su calendario.\t\t\t\t\t<\/div>\n\n\t\t\t\t\t\t\t\t\t<\/div>\n\t\t\t<\/div>\n\t\t<\/div>\n\t\t\t\t\t<\/div>\n\t\t<\/div>\n\t\t\t\t<\/div>\n\t\t\t\t<\/div>\n\t\t\t\t\t<\/div>\n\t\t<\/div>\n\t\t\t\t<div class=\"elementor-column elementor-col-50 elementor-inner-column elementor-element elementor-element-a1ec5ff\" data-id=\"a1ec5ff\" data-element_type=\"column\" data-settings=\"{&quot;background_background&quot;:&quot;classic&quot;}\">\n\t\t\t<div class=\"elementor-widget-wrap elementor-element-populated\">\n\t\t\t\t\t\t<div class=\"elementor-element elementor-element-c733985 elementor-widget elementor-widget-pp-flipbox\" data-id=\"c733985\" data-element_type=\"widget\" data-widget_type=\"pp-flipbox.default\">\n\t\t\t\t<div class=\"elementor-widget-container\">\n\t\t\t\t\t<div class=\"pp-flipbox-container pp-animate-slide pp-direction-up\">\n\t\t\t<div class=\"pp-flipbox-flip-card\">\n\t\t\t\t\t\t<div class=\"pp-flipbox-front\">\n\t\t\t<div class=\"pp-flipbox-overlay\">\n\t\t\t\t<div class=\"pp-flipbox-inner\">\n\t\t\t\t\t<div class=\"pp-flipbox-icon-image\">\n\t\t\t\t\t\t\t\t\t\t\t<\/div>\n\n\t\t\t\t\t<h3 class=\"pp-flipbox-heading\">\n\t\t\t\t\t\tSupervisi\u00f3n en f\u00e1bricas cooperativas\t\t\t\t\t<\/h3>\n\n\t\t\t\t\t<div class=\"pp-flipbox-content\">\n\t\t\t\t\t\t\t\t\t\t\t<\/div>\n\t\t\t\t<\/div>\n\t\t\t<\/div>\n\t\t<\/div>\n\t\t\t\t<div class=\"pp-flipbox-back\">\n\t\t\t\t\t\t<div class=\"pp-flipbox-overlay\">\n\t\t\t\t<div class=\"pp-flipbox-inner\">\n\t\t\t\t\t\n\t\t\t\t\t\n\t\t\t\t\t<div class=\"pp-flipbox-content\">\n\t\t\t\t\t\tPara supervisar la producci\u00f3n a gran escala y un suministro constante de productos de dise\u00f1o para beb\u00e9s, documentamos todo el proceso para que usted pueda verlo.\n<br>\n<br>\nProporcionamos fotos de calidad, v\u00eddeos e informes detallados sobre el progreso de la producci\u00f3n en nuestras f\u00e1bricas colaboradoras. Para fomentar nuestra confianza, recopilamos nuestros informes para que usted pueda consultarlos.\t\t\t\t\t<\/div>\n\n\t\t\t\t\t\t\t\t\t<\/div>\n\t\t\t<\/div>\n\t\t<\/div>\n\t\t\t\t\t<\/div>\n\t\t<\/div>\n\t\t\t\t<\/div>\n\t\t\t\t<\/div>\n\t\t\t\t\t<\/div>\n\t\t<\/div>\n\t\t\t\t\t<\/div>\n\t\t<\/section>\n\t\t\t\t\t<\/div>\n\t\t<\/div>\n\t\t\t\t\t<\/div>\n\t\t<\/section>\n\t\t\t\t<section class=\"elementor-section elementor-top-section elementor-element elementor-element-52f3df1 elementor-section-boxed elementor-section-height-default elementor-section-height-default\" data-id=\"52f3df1\" data-element_type=\"section\" data-settings=\"{&quot;background_background&quot;:&quot;classic&quot;}\">\n\t\t\t\t\t\t<div class=\"elementor-container elementor-column-gap-no\">\n\t\t\t\t\t<div class=\"elementor-column elementor-col-100 elementor-top-column elementor-element elementor-element-5e9045c\" data-id=\"5e9045c\" data-element_type=\"column\">\n\t\t\t<div class=\"elementor-widget-wrap elementor-element-populated\">\n\t\t\t\t\t\t<section class=\"elementor-section elementor-inner-section elementor-element elementor-element-59eadca elementor-section-boxed elementor-section-height-default elementor-section-height-default\" data-id=\"59eadca\" data-element_type=\"section\">\n\t\t\t\t\t\t<div class=\"elementor-container elementor-column-gap-no\">\n\t\t\t\t\t<div class=\"elementor-column elementor-col-100 elementor-inner-column elementor-element elementor-element-5ffd14b\" data-id=\"5ffd14b\" data-element_type=\"column\">\n\t\t\t<div class=\"elementor-widget-wrap elementor-element-populated\">\n\t\t\t\t\t\t<div class=\"elementor-element elementor-element-1bf1263 elementor-widget elementor-widget-heading\" data-id=\"1bf1263\" data-element_type=\"widget\" data-widget_type=\"heading.default\">\n\t\t\t\t<div class=\"elementor-widget-container\">\n\t\t\t<h3 class=\"elementor-heading-title elementor-size-default\">- Cualquier producto para beb\u00e9s que necesite<\/h3>\t\t<\/div>\n\t\t\t\t<\/div>\n\t\t\t\t<div class=\"elementor-element elementor-element-8288f58 elementor-widget elementor-widget-heading\" data-id=\"8288f58\" data-element_type=\"widget\" data-widget_type=\"heading.default\">\n\t\t\t\t<div class=\"elementor-widget-container\">\n\t\t\t<h2 class=\"elementor-heading-title elementor-size-default\">Gestionamos todos los procesos de producci\u00f3n<\/h2>\t\t<\/div>\n\t\t\t\t<\/div>\n\t\t\t\t\t<\/div>\n\t\t<\/div>\n\t\t\t\t\t<\/div>\n\t\t<\/section>\n\t\t\t\t<div class=\"elementor-element elementor-element-1cb0030 pp-info-box-above-title elementor-widget elementor-widget-pp-info-box-carousel\" data-id=\"1cb0030\" data-element_type=\"widget\" data-widget_type=\"pp-info-box-carousel.default\">\n\t\t\t\t<div class=\"elementor-widget-container\">\n\t\t\t\t\t<div class=\"pp-info-box-container pp-info-box-carousel pp-swiper-slider swiper\" data-slider-settings=\"{&quot;effect&quot;:&quot;slide&quot;,&quot;speed&quot;:500,&quot;slides_per_view&quot;:6,&quot;space_between&quot;:12,&quot;auto_height&quot;:true,&quot;loop&quot;:&quot;yes&quot;,&quot;show_arrows&quot;:true,&quot;slides_per_view_mobile&quot;:1,&quot;space_between_mobile&quot;:10,&quot;slides_per_view_tablet&quot;:2,&quot;space_between_tablet&quot;:10}\">\n\t\t\t\t\t\t\t<div class=\"swiper-wrapper\">\n\t\t\t\n\t\t\t\t\t\t\t<div class=\"pp-info-box swiper-slide\">\n\t\t\t\t\t\n\t\t\t\t\t\t\t\t<div class=\"pp-info-box-icon-wrap\">\n\t\t\t\t\t\t\t\t<span class=\"pp-info-box-icon pp-icon\">\n\t\t\t\t\t\t\t\t\t\t\t\t\t\t\t\t\t\t\t<img decoding=\"async\" src=\"https:\/\/www.riverbabygroup.com\/wp-content\/uploads\/2021\/02\/P04-3-S04-1.jpg\" alt=\"Nuestro-empleado-est\u00e1-grabando-el-proceso-de-producci\u00f3n\">\n\t\t\t\t\t\t\t\t\t\t\t\t\t\t\t\t\t<\/span>\n\n\t\t\t\t\t\t\t<\/div>\n\t\t\t\n\t\t\t\t\t\n\t\t\t\t\t<div class=\"pp-info-box-content\">\n\t\t\t\t\t\t\t\t<div class=\"pp-info-box-title-wrap\">\n\t\t\t\t\t\t\t<div class=\"pp-info-box-title-container\">\n\t\t\t\t\t<h4 class=\"pp-info-box-title\">\n\t\t\t\t\t\tInspecci\u00f3n de materiales\t\t\t\t\t<\/h4>\n\t\t\t\t<\/div>\n\t\t\t\t\t\t<\/div>\n\t\t\n\t\t\t\t\t\t\n\t\t\t\t\t\t\n\t\t\t\t\t\t\t\t\t\t\t<\/div>\n\n\t\t\t\t\t\t\t\t\t<\/div>\n\t\t\t\t\t\t\t<div class=\"pp-info-box swiper-slide\">\n\t\t\t\t\t\n\t\t\t\t\t\t\t\t<div class=\"pp-info-box-icon-wrap\">\n\t\t\t\t\t\t\t\t<span class=\"pp-info-box-icon pp-icon\">\n\t\t\t\t\t\t\t\t\t\t\t\t\t\t\t\t\t\t\t<img decoding=\"async\" src=\"https:\/\/www.riverbabygroup.com\/wp-content\/uploads\/2021\/04\/P04-3-S04-2.jpg\" alt=\"Nuestro-empleado-est\u00e1-grabando-el-proceso-de-producci\u00f3n\">\n\t\t\t\t\t\t\t\t\t\t\t\t\t\t\t\t\t<\/span>\n\n\t\t\t\t\t\t\t<\/div>\n\t\t\t\n\t\t\t\t\t\n\t\t\t\t\t<div class=\"pp-info-box-content\">\n\t\t\t\t\t\t\t\t<div class=\"pp-info-box-title-wrap\">\n\t\t\t\t\t\t\t<div class=\"pp-info-box-title-container\">\n\t\t\t\t\t<h4 class=\"pp-info-box-title\">\n\t\t\t\t\t\tCNC\t\t\t\t\t<\/h4>\n\t\t\t\t<\/div>\n\t\t\t\t\t\t<\/div>\n\t\t\n\t\t\t\t\t\t\n\t\t\t\t\t\t\n\t\t\t\t\t\t\t\t\t\t\t<\/div>\n\n\t\t\t\t\t\t\t\t\t<\/div>\n\t\t\t\t\t\t\t<div class=\"pp-info-box swiper-slide\">\n\t\t\t\t\t\n\t\t\t\t\t\t\t\t<div class=\"pp-info-box-icon-wrap\">\n\t\t\t\t\t\t\t\t<span class=\"pp-info-box-icon pp-icon\">\n\t\t\t\t\t\t\t\t\t\t\t\t\t\t\t\t\t\t\t<img decoding=\"async\" src=\"https:\/\/www.riverbabygroup.com\/wp-content\/uploads\/2021\/02\/P04-3-S04-3.jpg\" alt=\"Nuestro-empleado-est\u00e1-grabando-el-proceso-de-producci\u00f3n\">\n\t\t\t\t\t\t\t\t\t\t\t\t\t\t\t\t\t<\/span>\n\n\t\t\t\t\t\t\t<\/div>\n\t\t\t\n\t\t\t\t\t\n\t\t\t\t\t<div class=\"pp-info-box-content\">\n\t\t\t\t\t\t\t\t<div class=\"pp-info-box-title-wrap\">\n\t\t\t\t\t\t\t<div class=\"pp-info-box-title-container\">\n\t\t\t\t\t<h4 class=\"pp-info-box-title\">\n\t\t\t\t\t\tCostura\t\t\t\t\t<\/h4>\n\t\t\t\t<\/div>\n\t\t\t\t\t\t<\/div>\n\t\t\n\t\t\t\t\t\t\n\t\t\t\t\t\t\n\t\t\t\t\t\t\t\t\t\t\t<\/div>\n\n\t\t\t\t\t\t\t\t\t<\/div>\n\t\t\t\t\t\t\t<div class=\"pp-info-box swiper-slide\">\n\t\t\t\t\t\n\t\t\t\t\t\t\t\t<div class=\"pp-info-box-icon-wrap\">\n\t\t\t\t\t\t\t\t<span class=\"pp-info-box-icon pp-icon\">\n\t\t\t\t\t\t\t\t\t\t\t\t\t\t\t\t\t\t\t<img decoding=\"async\" src=\"https:\/\/www.riverbabygroup.com\/wp-content\/uploads\/2021\/04\/P04-3-S04-4.jpg\" alt=\"Nuestra-empleada-est\u00e1-probando-los-carritos-de-beb\u00e9\">\n\t\t\t\t\t\t\t\t\t\t\t\t\t\t\t\t\t<\/span>\n\n\t\t\t\t\t\t\t<\/div>\n\t\t\t\n\t\t\t\t\t\n\t\t\t\t\t<div class=\"pp-info-box-content\">\n\t\t\t\t\t\t\t\t<div class=\"pp-info-box-title-wrap\">\n\t\t\t\t\t\t\t<div class=\"pp-info-box-title-container\">\n\t\t\t\t\t<h4 class=\"pp-info-box-title\">\n\t\t\t\t\t\tPruebas\t\t\t\t\t<\/h4>\n\t\t\t\t<\/div>\n\t\t\t\t\t\t<\/div>\n\t\t\n\t\t\t\t\t\t\n\t\t\t\t\t\t\n\t\t\t\t\t\t\t\t\t\t\t<\/div>\n\n\t\t\t\t\t\t\t\t\t<\/div>\n\t\t\t\t\t\t\t<div class=\"pp-info-box swiper-slide\">\n\t\t\t\t\t\n\t\t\t\t\t\t\t\t<div class=\"pp-info-box-icon-wrap\">\n\t\t\t\t\t\t\t\t<span class=\"pp-info-box-icon pp-icon\">\n\t\t\t\t\t\t\t\t\t\t\t\t\t\t\t\t\t\t\t<img decoding=\"async\" src=\"https:\/\/www.riverbabygroup.com\/wp-content\/uploads\/2021\/04\/P04-3-S04-5.jpg\" alt=\"Nuestro-empleado-est\u00e1-ensamblando-carritos-de-beb\u00e9\">\n\t\t\t\t\t\t\t\t\t\t\t\t\t\t\t\t\t<\/span>\n\n\t\t\t\t\t\t\t<\/div>\n\t\t\t\n\t\t\t\t\t\n\t\t\t\t\t<div class=\"pp-info-box-content\">\n\t\t\t\t\t\t\t\t<div class=\"pp-info-box-title-wrap\">\n\t\t\t\t\t\t\t<div class=\"pp-info-box-title-container\">\n\t\t\t\t\t<h4 class=\"pp-info-box-title\">\n\t\t\t\t\t\tMontaje\t\t\t\t\t<\/h4>\n\t\t\t\t<\/div>\n\t\t\t\t\t\t<\/div>\n\t\t\n\t\t\t\t\t\t\n\t\t\t\t\t\t\n\t\t\t\t\t\t\t\t\t\t\t<\/div>\n\n\t\t\t\t\t\t\t\t\t<\/div>\n\t\t\t\t\t\t\t<div class=\"pp-info-box swiper-slide\">\n\t\t\t\t\t\n\t\t\t\t\t\t\t\t<div class=\"pp-info-box-icon-wrap\">\n\t\t\t\t\t\t\t\t<span class=\"pp-info-box-icon pp-icon\">\n\t\t\t\t\t\t\t\t\t\t\t\t\t\t\t\t\t\t\t<img decoding=\"async\" src=\"https:\/\/www.riverbabygroup.com\/wp-content\/uploads\/2021\/02\/P04-3-S04-6.jpg\" alt=\"Nuestro-empleado-est\u00e1-embalando-carritos-de-beb\u00e9\">\n\t\t\t\t\t\t\t\t\t\t\t\t\t\t\t\t\t<\/span>\n\n\t\t\t\t\t\t\t<\/div>\n\t\t\t\n\t\t\t\t\t\n\t\t\t\t\t<div class=\"pp-info-box-content\">\n\t\t\t\t\t\t\t\t<div class=\"pp-info-box-title-wrap\">\n\t\t\t\t\t\t\t<div class=\"pp-info-box-title-container\">\n\t\t\t\t\t<h4 class=\"pp-info-box-title\">\n\t\t\t\t\t\tEmbalaje\t\t\t\t\t<\/h4>\n\t\t\t\t<\/div>\n\t\t\t\t\t\t<\/div>\n\t\t\n\t\t\t\t\t\t\n\t\t\t\t\t\t\n\t\t\t\t\t\t\t\t\t\t\t<\/div>\n\n\t\t\t\t\t\t\t\t\t<\/div>\n\t\t\t\n\t\t\t\t\t\t\t<\/div>\n\t\t\t\t\t\t\t\t<div class=\"pp-slider-arrow elementor-swiper-button-prev swiper-button-prev-1cb0030\" role=\"button\" tabindex=\"0\">\n\t\t\t\t\t<i aria-hidden=\"true\" class=\"fas fa-angle-left\"><\/i>\t\t\t\t<\/div>\n\t\t\t\t<div class=\"pp-slider-arrow elementor-swiper-button-next swiper-button-next-1cb0030\" role=\"button\" tabindex=\"0\">\n\t\t\t\t\t<i aria-hidden=\"true\" class=\"fas fa-angle-right\"><\/i>\t\t\t\t<\/div>\n\t\t\t\t\t<\/div>\n\t\t\t\t<\/div>\n\t\t\t\t<\/div>\n\t\t\t\t\t<\/div>\n\t\t<\/div>\n\t\t\t\t\t<\/div>\n\t\t<\/section>\n\t\t\t\t<\/div>","protected":false},"excerpt":{"rendered":"<p>Gesti\u00f3n de la producci\u00f3n Inicio Garantizamos una producci\u00f3n m\u00e1s r\u00e1pida y una calidad uniforme Todos los aspectos de la producci\u00f3n se gestionan bajo nuestra supervisi\u00f3n para lograr una calidad uniforme. Los clientes extranjeros pueden hacer uso de nuestro completo servicio de gesti\u00f3n de la producci\u00f3n, que les permite supervisar nuestras operaciones y obtener informaci\u00f3n actualizada sobre nuestros progresos. Como puede comunicarse con nuestro equipo en [...]<\/p>","protected":false},"author":1,"featured_media":0,"parent":0,"menu_order":0,"comment_status":"closed","ping_status":"closed","template":"elementor_header_footer","meta":{"_acf_changed":false,"footnotes":""},"class_list":["post-46","page","type-page","status-publish","hentry"],"acf":[],"_links":{"self":[{"href":"https:\/\/www.riverbabygroup.com\/es\/wp-json\/wp\/v2\/pages\/46","targetHints":{"allow":["GET"]}}],"collection":[{"href":"https:\/\/www.riverbabygroup.com\/es\/wp-json\/wp\/v2\/pages"}],"about":[{"href":"https:\/\/www.riverbabygroup.com\/es\/wp-json\/wp\/v2\/types\/page"}],"author":[{"embeddable":true,"href":"https:\/\/www.riverbabygroup.com\/es\/wp-json\/wp\/v2\/users\/1"}],"replies":[{"embeddable":true,"href":"https:\/\/www.riverbabygroup.com\/es\/wp-json\/wp\/v2\/comments?post=46"}],"version-history":[{"count":110,"href":"https:\/\/www.riverbabygroup.com\/es\/wp-json\/wp\/v2\/pages\/46\/revisions"}],"predecessor-version":[{"id":6490,"href":"https:\/\/www.riverbabygroup.com\/es\/wp-json\/wp\/v2\/pages\/46\/revisions\/6490"}],"wp:attachment":[{"href":"https:\/\/www.riverbabygroup.com\/es\/wp-json\/wp\/v2\/media?parent=46"}],"curies":[{"name":"wp","href":"https:\/\/api.w.org\/{rel}","templated":true}]}}