{"id":74,"date":"2020-11-30T02:24:50","date_gmt":"2020-11-30T02:24:50","guid":{"rendered":"https:\/\/www.riverbabygroup.com\/?page_id=74"},"modified":"2022-09-19T08:50:47","modified_gmt":"2022-09-19T08:50:47","slug":"como-funciona","status":"publish","type":"page","link":"https:\/\/www.riverbabygroup.com\/es\/como-funciona\/","title":{"rendered":"C\u00f3mo trabajamos"},"content":{"rendered":"<div data-elementor-type=\"wp-page\" data-elementor-id=\"74\" class=\"elementor elementor-74\" data-elementor-post-type=\"page\">\n\t\t\t\t\t\t<section class=\"elementor-section elementor-top-section elementor-element elementor-element-4a94f86 elementor-section-height-min-height elementor-section-full_width elementor-section-stretched elementor-section-height-default elementor-section-items-middle\" data-id=\"4a94f86\" data-element_type=\"section\" id=\"UP\" data-settings=\"{&quot;background_background&quot;:&quot;gradient&quot;,&quot;stretch_section&quot;:&quot;section-stretched&quot;}\">\n\t\t\t\t\t\t\t<div class=\"elementor-background-overlay\"><\/div>\n\t\t\t\t\t\t\t<div class=\"elementor-container elementor-column-gap-default\">\n\t\t\t\t\t<div class=\"elementor-column elementor-col-100 elementor-top-column elementor-element elementor-element-6c454d5\" data-id=\"6c454d5\" data-element_type=\"column\">\n\t\t\t<div class=\"elementor-widget-wrap elementor-element-populated\">\n\t\t\t\t\t\t<section class=\"elementor-section elementor-inner-section elementor-element elementor-element-9dab817 elementor-section-boxed elementor-section-height-default elementor-section-height-default\" data-id=\"9dab817\" data-element_type=\"section\" data-settings=\"{&quot;background_background&quot;:&quot;classic&quot;}\">\n\t\t\t\t\t\t<div class=\"elementor-container elementor-column-gap-no\">\n\t\t\t\t\t<div class=\"elementor-column elementor-col-100 elementor-inner-column elementor-element elementor-element-04b90de\" data-id=\"04b90de\" data-element_type=\"column\">\n\t\t\t<div class=\"elementor-widget-wrap elementor-element-populated\">\n\t\t\t\t\t\t<div class=\"elementor-element elementor-element-dceeba8 elementor-widget elementor-widget-heading\" data-id=\"dceeba8\" data-element_type=\"widget\" data-widget_type=\"heading.default\">\n\t\t\t\t<div class=\"elementor-widget-container\">\n\t\t\t<h1 class=\"elementor-heading-title elementor-size-default\">C\u00f3mo trabajamos<\/h1>\t\t<\/div>\n\t\t\t\t<\/div>\n\t\t\t\t<div class=\"elementor-element elementor-element-b862d0c elementor-widget elementor-widget-pp-breadcrumbs\" data-id=\"b862d0c\" data-element_type=\"widget\" data-settings=\"{&quot;breadcrumbs_type&quot;:&quot;powerpack&quot;}\" data-widget_type=\"pp-breadcrumbs.default\">\n\t\t\t\t<div class=\"elementor-widget-container\">\n\t\t\t<ul class=\"pp-breadcrumbs pp-breadcrumbs-powerpack\">\t\t<li class=\"pp-breadcrumbs-item pp-breadcrumbs-item-home\">\n\t\t\t<a class=\"pp-breadcrumbs-crumb pp-breadcrumbs-crumb-link pp-breadcrumbs-crumb-home\" href=\"https:\/\/www.riverbabygroup.com\/es\" title=\"Inicio\">\n\t\t\t\t<span class=\"pp-breadcrumbs-text\">\n\t\t\t\t\t\t\t\t\t\tInicio\t\t\t\t<\/span>\n\t\t\t<\/a>\n\t\t<\/li>\n\t\t<li class=\"pp-breadcrumbs-separator\">\t\t\t\t<span class='pp-separator-icon pp-icon'>\n\t\t\t\t\t<i aria-hidden=\"true\" class=\"fas fa-angle-right\"><\/i>\t\t\t\t<\/span>\n\t\t\t\t<\/li><\/ul>\t\t<\/div>\n\t\t\t\t<\/div>\n\t\t\t\t\t<\/div>\n\t\t<\/div>\n\t\t\t\t\t<\/div>\n\t\t<\/section>\n\t\t\t\t\t<\/div>\n\t\t<\/div>\n\t\t\t\t\t<\/div>\n\t\t<\/section>\n\t\t\t\t<section class=\"elementor-section elementor-top-section elementor-element elementor-element-3c6b163 elementor-section-boxed elementor-section-height-default elementor-section-height-default\" data-id=\"3c6b163\" data-element_type=\"section\">\n\t\t\t\t\t\t<div class=\"elementor-container elementor-column-gap-default\">\n\t\t\t\t\t<div class=\"elementor-column elementor-col-100 elementor-top-column elementor-element elementor-element-600eead\" data-id=\"600eead\" data-element_type=\"column\">\n\t\t\t<div class=\"elementor-widget-wrap elementor-element-populated\">\n\t\t\t\t\t\t<div class=\"elementor-element elementor-element-4d2be4c elementor-widget elementor-widget-pp-timeline\" data-id=\"4d2be4c\" data-element_type=\"widget\" data-settings=\"{&quot;layout&quot;:&quot;vertical&quot;,&quot;dates&quot;:&quot;yes&quot;,&quot;card_arrow&quot;:&quot;yes&quot;,&quot;animate_cards&quot;:&quot;yes&quot;,&quot;direction&quot;:&quot;center&quot;,&quot;direction_tablet&quot;:&quot;left&quot;,&quot;direction_mobile&quot;:&quot;left&quot;}\" data-widget_type=\"pp-timeline.default\">\n\t\t\t\t<div class=\"elementor-widget-container\">\n\t\t\t\t\t<div class=\"pp-timeline-wrapper\">\n\t\t\t\n\t\t\t<div class=\"pp-timeline pp-timeline-vertical pp-timeline-center pp-timeline-dates pp-timeline-arrows-middle\">\n\t\t\t\t\t\t\t\t\t<div class=\"pp-timeline-connector-wrap\">\n\t\t\t\t\t\t<div class=\"pp-timeline-connector\">\n\t\t\t\t\t\t\t<div class=\"pp-timeline-connector-inner\">\n\t\t\t\t\t\t\t<\/div>\n\t\t\t\t\t\t<\/div>\n\t\t\t\t\t<\/div>\n\t\t\t\t\t\t\t\t<div class=\"pp-timeline-items\">\n\t\t\t\t\t\t\t\t<div class=\"pp-timeline-item pp-timeline-item-left elementor-repeater-item-1bf7fe6 pp-timeline-item-hidden\">\n\t\t\t\t<div class=\"pp-timeline-card-wrapper\">\n\t\t\t\t\t\t\t\t\t\t\t\t\t\t\t<div class=\"pp-timeline-arrow\"><\/div>\n\t\t\t\t\t\t\t\t\t\t<div class=\"pp-timeline-card\">\n\t\t\t\t\t\t\t\t\t\t<div class=\"pp-timeline-card-image\">\n\t\t\t\t\t<img fetchpriority=\"high\" decoding=\"async\" width=\"580\" height=\"387\" src=\"https:\/\/www.riverbabygroup.com\/wp-content\/uploads\/2021\/04\/P05-S02.jpg\" class=\"attachment-large size-large wp-image-5961\" alt=\"Un-gestor-de-clientes-sigue-las-necesidades-de-nuestros-clientes&#039;s\" \/>\t\t\t\t<\/div>\n\t\t\t\t\t\t\t\t\t\t\t\t\t\t\t\t\t<div class=\"pp-timeline-card-title-wrap\">\n\t\t\t\t\t\t\t\t\t\t\t\t\t\t\t\t\t\t\t\t\t\t\t\t\t\t\t<div class=\"pp-timeline-card-date\">\n\t\t\t\t\t\t\t\t\t\t\t\t\t\t\t\t\t\t\t\t\t<\/div>\n\t\t\t\t\t\t\t\t\t\t\t\t\t\t\t\t\t\t\t\t\t\t\t\t\t\t\t\t\t\t\t\t\t\t\t\t\t\t\t\t\t\t\t<h2 class=\"pp-timeline-card-title\">\n\t\t\t\t\t\t\t\t\t\t  Comprender sus necesidades\t\t\t\t\t\t\t\t\t<\/h2>\n\t\t\t\t\t\t\t\t\t\t\t\t\t\t\t<\/div>\n\t\t\t\t\t\t\t\t\t\t\t\t\t\t\t\t\t\t\t\t\t\t\t\t\t<div class=\"pp-timeline-card-content\">\n\t\t\t\t\t\t\t\t<p>Desde el primer contacto, nuestro equipo de dise\u00f1o debate con usted para comprender plenamente sus planes para el proyecto de productos para beb\u00e9s, junto con su mercado objetivo y los materiales elegidos.<\/p><p>\u00a0<\/p><p>Tambi\u00e9n aportamos nuestras opiniones expertas a lo largo del proceso de consulta, basadas en las tendencias del mercado y la experiencia, con la intenci\u00f3n de mejorar sus ideas de proyecto.<\/p>\t\t\t\t\t\t\t<\/div>\n\t\t\t\t\t\t\t\t\t\t\t<\/div>\n\t\t\t\t\t\t\t\t\t\t<\/a>\n\t\t\t\t\t\t\t\t\t<\/div>\n\n\t\t\t\t\t\t\t\t\t\t\t<div class=\"pp-timeline-marker-wrapper\">\n\t\t\t\n\t\t\t<div class=\"pp-timeline-marker\">\n\t\t\t\t1\t\t\t<\/div>\n\t\t<\/div>\n\t\t\t\t\t<div class=\"pp-timeline-card-date-wrapper\">\n\t\t\t\t\t\t\t\t\t<div class=\"pp-timeline-card-date\">\n\t\t\t\t\t\t\t\t\t\t\t<\/div>\n\t\t\t\t\t\t\t<\/div>\n\t\t\t\t\t\t\t\t\t\t\t<\/div>\n\t\t\t\t\t\t<div class=\"pp-timeline-item pp-timeline-item-right elementor-repeater-item-b65461c pp-timeline-item-hidden\">\n\t\t\t\t<div class=\"pp-timeline-card-wrapper\">\n\t\t\t\t\t\t\t\t\t\t\t\t\t\t\t<div class=\"pp-timeline-arrow\"><\/div>\n\t\t\t\t\t\t\t\t\t\t<div class=\"pp-timeline-card\">\n\t\t\t\t\t\t\t\t\t\t<div class=\"pp-timeline-card-image\">\n\t\t\t\t\t<img decoding=\"async\" width=\"580\" height=\"387\" src=\"https:\/\/www.riverbabygroup.com\/wp-content\/uploads\/2021\/02\/P05-S03.jpg\" class=\"attachment-large size-large wp-image-4182\" alt=\"Un-dise\u00f1ador-utiliza-software-CAD-para-dise\u00f1ar\" \/>\t\t\t\t<\/div>\n\t\t\t\t\t\t\t\t\t\t\t\t\t\t\t\t\t<div class=\"pp-timeline-card-title-wrap\">\n\t\t\t\t\t\t\t\t\t\t\t\t\t\t\t\t\t\t\t\t\t\t\t\t\t\t\t<div class=\"pp-timeline-card-date\">\n\t\t\t\t\t\t\t\t\t\t\t\t\t\t\t\t\t\t\t\t\t<\/div>\n\t\t\t\t\t\t\t\t\t\t\t\t\t\t\t\t\t\t\t\t\t\t\t\t\t\t\t\t\t\t\t\t\t\t\t\t\t\t\t\t\t\t\t<h2 class=\"pp-timeline-card-title\">\n\t\t\t\t\t\t\t\t\t\tFinalizaci\u00f3n del dise\u00f1o\t\t\t\t\t\t\t\t\t<\/h2>\n\t\t\t\t\t\t\t\t\t\t\t\t\t\t\t<\/div>\n\t\t\t\t\t\t\t\t\t\t\t\t\t\t\t\t\t\t\t\t\t\t\t\t\t<div class=\"pp-timeline-card-content\">\n\t\t\t\t\t\t\t\t<p>A partir del proceso de consulta, nuestro equipo de dise\u00f1o traduce la informaci\u00f3n obtenida en productos para beb\u00e9s funcionales y comercializables.<\/p><p>\u00a0<\/p><p>Los productos para beb\u00e9s se dise\u00f1an cuidadosamente para mostrar tus ideas y tu marca, as\u00ed como para destacar las modificaciones o caracter\u00edsticas que solicitaste.<\/p><p>\u00a0<\/p><p>A continuaci\u00f3n, le enviaremos el dise\u00f1o para que lo confirme y apruebe.<\/p>\t\t\t\t\t\t\t<\/div>\n\t\t\t\t\t\t\t\t\t\t\t<\/div>\n\t\t\t\t\t\t\t\t\t\t<\/a>\n\t\t\t\t\t\t\t\t\t<\/div>\n\n\t\t\t\t\t\t\t\t\t\t\t<div class=\"pp-timeline-marker-wrapper\">\n\t\t\t\n\t\t\t<div class=\"pp-timeline-marker\">\n\t\t\t\t2\t\t\t<\/div>\n\t\t<\/div>\n\t\t\t\t\t<div class=\"pp-timeline-card-date-wrapper\">\n\t\t\t\t\t\t\t\t\t<div class=\"pp-timeline-card-date\">\n\t\t\t\t\t\t\t\t\t\t\t<\/div>\n\t\t\t\t\t\t\t<\/div>\n\t\t\t\t\t\t\t\t\t\t\t<\/div>\n\t\t\t\t\t\t<div class=\"pp-timeline-item pp-timeline-item-left elementor-repeater-item-9b59b6d pp-timeline-item-hidden\">\n\t\t\t\t<div class=\"pp-timeline-card-wrapper\">\n\t\t\t\t\t\t\t\t\t\t\t\t\t\t\t<div class=\"pp-timeline-arrow\"><\/div>\n\t\t\t\t\t\t\t\t\t\t<div class=\"pp-timeline-card\">\n\t\t\t\t\t\t\t\t\t\t<div class=\"pp-timeline-card-image\">\n\t\t\t\t\t<img decoding=\"async\" width=\"580\" height=\"387\" src=\"https:\/\/www.riverbabygroup.com\/wp-content\/uploads\/2021\/02\/P05-S04.jpg\" class=\"attachment-large size-large wp-image-4183\" alt=\"Nuestro-personal-y-cliente-est\u00e1n-comprobando-el-precio\" \/>\t\t\t\t<\/div>\n\t\t\t\t\t\t\t\t\t\t\t\t\t\t\t\t\t<div class=\"pp-timeline-card-title-wrap\">\n\t\t\t\t\t\t\t\t\t\t\t\t\t\t\t\t\t\t\t\t\t\t\t\t\t\t\t<div class=\"pp-timeline-card-date\">\n\t\t\t\t\t\t\t\t\t\t\t\t\t\t\t\t\t\t\t\t\t<\/div>\n\t\t\t\t\t\t\t\t\t\t\t\t\t\t\t\t\t\t\t\t\t\t\t\t\t\t\t\t\t\t\t\t\t\t\t\t\t\t\t\t\t\t\t<h2 class=\"pp-timeline-card-title\">\n\t\t\t\t\t\t\t\t\t\tPresupuesto completo\t\t\t\t\t\t\t\t\t<\/h2>\n\t\t\t\t\t\t\t\t\t\t\t\t\t\t\t<\/div>\n\t\t\t\t\t\t\t\t\t\t\t\t\t\t\t\t\t\t\t\t\t\t\t\t\t<div class=\"pp-timeline-card-content\">\n\t\t\t\t\t\t\t\t<p>Una vez finalizado el dise\u00f1o, enviamos un presupuesto completo del proyecto en el que se indican los costes de materiales, producci\u00f3n y otros gastos relacionados con el proyecto.<\/p><p>\u00a0<\/p><p>A trav\u00e9s de nuestra cadena de suministro integrada, podemos ofrecerle 2 \u00f3 3 presupuestos competitivos, d\u00e1ndole la posibilidad de seleccionar la opci\u00f3n que mejor se adapte a sus objetivos.<\/p><p>\u00a0<\/p><p>Una vez revisado y aprobado el presupuesto, el proyecto pasa a la fase de producci\u00f3n.\u00a0\u00a0<\/p>\t\t\t\t\t\t\t<\/div>\n\t\t\t\t\t\t\t\t\t\t\t<\/div>\n\t\t\t\t\t\t\t\t\t\t<\/a>\n\t\t\t\t\t\t\t\t\t<\/div>\n\n\t\t\t\t\t\t\t\t\t\t\t<div class=\"pp-timeline-marker-wrapper\">\n\t\t\t\n\t\t\t<div class=\"pp-timeline-marker\">\n\t\t\t\t3\t\t\t<\/div>\n\t\t<\/div>\n\t\t\t\t\t<div class=\"pp-timeline-card-date-wrapper\">\n\t\t\t\t\t\t\t\t\t<div class=\"pp-timeline-card-date\">\n\t\t\t\t\t\t\t\t\t\t\t<\/div>\n\t\t\t\t\t\t\t<\/div>\n\t\t\t\t\t\t\t\t\t\t\t<\/div>\n\t\t\t\t\t\t<div class=\"pp-timeline-item pp-timeline-item-right elementor-repeater-item-5ebb293 pp-timeline-item-hidden\">\n\t\t\t\t<div class=\"pp-timeline-card-wrapper\">\n\t\t\t\t\t\t\t\t\t\t\t\t\t\t\t<div class=\"pp-timeline-arrow\"><\/div>\n\t\t\t\t\t\t\t\t\t\t<div class=\"pp-timeline-card\">\n\t\t\t\t\t\t\t\t\t\t<div class=\"pp-timeline-card-image\">\n\t\t\t\t\t<img loading=\"lazy\" decoding=\"async\" width=\"580\" height=\"387\" src=\"https:\/\/www.riverbabygroup.com\/wp-content\/uploads\/2021\/04\/P05-S05.jpg\" class=\"attachment-large size-large wp-image-6273\" alt=\"Nuestro-equipo-est\u00e1-confirmando-muestras-y-el-empaquetado\" \/>\t\t\t\t<\/div>\n\t\t\t\t\t\t\t\t\t\t\t\t\t\t\t\t\t<div class=\"pp-timeline-card-title-wrap\">\n\t\t\t\t\t\t\t\t\t\t\t\t\t\t\t\t\t\t\t\t\t\t\t\t\t\t\t<div class=\"pp-timeline-card-date\">\n\t\t\t\t\t\t\t\t\t\t\t\t\t\t\t\t\t\t\t\t\t<\/div>\n\t\t\t\t\t\t\t\t\t\t\t\t\t\t\t\t\t\t\t\t\t\t\t\t\t\t\t\t\t\t\t\t\t\t\t\t\t\t\t\t\t\t\t<h2 class=\"pp-timeline-card-title\">\n\t\t\t\t\t\t\t\t\t\tConfirmaci\u00f3n de la muestra\t\t\t\t\t\t\t\t\t<\/h2>\n\t\t\t\t\t\t\t\t\t\t\t\t\t\t\t<\/div>\n\t\t\t\t\t\t\t\t\t\t\t\t\t\t\t\t\t\t\t\t\t\t\t\t\t<div class=\"pp-timeline-card-content\">\n\t\t\t\t\t\t\t\t<p>Nuestro equipo elabora una maqueta del dise\u00f1o finalizado para probar e inspeccionar la funcionalidad real del producto para beb\u00e9s. La muestra terminada se le env\u00eda para que la revise y verifique si el producto para beb\u00e9 est\u00e1 a su altura.<\/p><p>\u00a0<\/p><p>Cuando est\u00e9 a su altura, pasaremos a la producci\u00f3n a pleno rendimiento.<\/p>\t\t\t\t\t\t\t<\/div>\n\t\t\t\t\t\t\t\t\t\t\t<\/div>\n\t\t\t\t\t\t\t\t\t\t<\/a>\n\t\t\t\t\t\t\t\t\t<\/div>\n\n\t\t\t\t\t\t\t\t\t\t\t<div class=\"pp-timeline-marker-wrapper\">\n\t\t\t\n\t\t\t<div class=\"pp-timeline-marker\">\n\t\t\t\t4\t\t\t<\/div>\n\t\t<\/div>\n\t\t\t\t\t<div class=\"pp-timeline-card-date-wrapper\">\n\t\t\t\t\t\t\t\t\t<div class=\"pp-timeline-card-date\">\n\t\t\t\t\t\t\t\t\t\t\t<\/div>\n\t\t\t\t\t\t\t<\/div>\n\t\t\t\t\t\t\t\t\t\t\t<\/div>\n\t\t\t\t\t\t<div class=\"pp-timeline-item pp-timeline-item-left elementor-repeater-item-a95a746 pp-timeline-item-hidden\">\n\t\t\t\t<div class=\"pp-timeline-card-wrapper\">\n\t\t\t\t\t\t\t\t\t\t\t\t\t\t\t<div class=\"pp-timeline-arrow\"><\/div>\n\t\t\t\t\t\t\t\t\t\t<div class=\"pp-timeline-card\">\n\t\t\t\t\t\t\t\t\t\t<div class=\"pp-timeline-card-image\">\n\t\t\t\t\t<img loading=\"lazy\" decoding=\"async\" width=\"580\" height=\"387\" src=\"https:\/\/www.riverbabygroup.com\/wp-content\/uploads\/2021\/02\/P05-S06.jpg\" class=\"attachment-large size-large wp-image-4197\" alt=\"Nuestro-equipo-sigue-el-proceso-de-producci\u00f3n-y-lo-registra\" \/>\t\t\t\t<\/div>\n\t\t\t\t\t\t\t\t\t\t\t\t\t\t\t\t\t<div class=\"pp-timeline-card-title-wrap\">\n\t\t\t\t\t\t\t\t\t\t\t\t\t\t\t\t\t\t\t\t\t\t\t\t\t\t\t<div class=\"pp-timeline-card-date\">\n\t\t\t\t\t\t\t\t\t\t\t\t\t\t\t\t\t\t\t\t\t<\/div>\n\t\t\t\t\t\t\t\t\t\t\t\t\t\t\t\t\t\t\t\t\t\t\t\t\t\t\t\t\t\t\t\t\t\t\t\t\t\t\t\t\t\t\t<h2 class=\"pp-timeline-card-title\">\n\t\t\t\t\t\t\t\t\t\tFabricaci\u00f3n y control de calidad\t\t\t\t\t\t\t\t\t<\/h2>\n\t\t\t\t\t\t\t\t\t\t\t\t\t\t\t<\/div>\n\t\t\t\t\t\t\t\t\t\t\t\t\t\t\t\t\t\t\t\t\t\t\t\t\t<div class=\"pp-timeline-card-content\">\n\t\t\t\t\t\t\t\t<p>Al trabajar con l\u00edneas de producci\u00f3n automatizadas y normas establecidas, nuestro fiable proceso de fabricaci\u00f3n consigue que su proyecto de productos para beb\u00e9s se complete dentro del plazo previsto.<\/p><p>\u00a0<\/p><p>Se realizan inspecciones profesionales de control de calidad durante toda la producci\u00f3n y antes del envasado, lo que garantiza que nuestros est\u00e1ndares de alta calidad se mantienen de principio a fin.<\/p>\t\t\t\t\t\t\t<\/div>\n\t\t\t\t\t\t\t\t\t\t\t<\/div>\n\t\t\t\t\t\t\t\t\t\t<\/a>\n\t\t\t\t\t\t\t\t\t<\/div>\n\n\t\t\t\t\t\t\t\t\t\t\t<div class=\"pp-timeline-marker-wrapper\">\n\t\t\t\n\t\t\t<div class=\"pp-timeline-marker\">\n\t\t\t\t5\t\t\t<\/div>\n\t\t<\/div>\n\t\t\t\t\t<div class=\"pp-timeline-card-date-wrapper\">\n\t\t\t\t\t\t\t\t\t<div class=\"pp-timeline-card-date\">\n\t\t\t\t\t\t\t\t\t\t\t<\/div>\n\t\t\t\t\t\t\t<\/div>\n\t\t\t\t\t\t\t\t\t\t\t<\/div>\n\t\t\t\t\t\t<div class=\"pp-timeline-item pp-timeline-item-right elementor-repeater-item-501dca3 pp-timeline-item-hidden\">\n\t\t\t\t<div class=\"pp-timeline-card-wrapper\">\n\t\t\t\t\t\t\t\t\t\t\t\t\t\t\t<div class=\"pp-timeline-arrow\"><\/div>\n\t\t\t\t\t\t\t\t\t\t<div class=\"pp-timeline-card\">\n\t\t\t\t\t\t\t\t\t\t<div class=\"pp-timeline-card-image\">\n\t\t\t\t\t<img loading=\"lazy\" decoding=\"async\" width=\"580\" height=\"387\" src=\"https:\/\/www.riverbabygroup.com\/wp-content\/uploads\/2021\/02\/P05-S07.jpg\" class=\"attachment-full size-full wp-image-3804\" alt=\"Nuestro-equipo-est\u00e1-siguiendo-la-log\u00edstica-de-entrega-en-el-almac\u00e9n\" \/>\t\t\t\t<\/div>\n\t\t\t\t\t\t\t\t\t\t\t\t\t\t\t\t\t<div class=\"pp-timeline-card-title-wrap\">\n\t\t\t\t\t\t\t\t\t\t\t\t\t\t\t\t\t\t\t\t\t\t\t\t\t\t\t<div class=\"pp-timeline-card-date\">\n\t\t\t\t\t\t\t\t\t\t\t\t\t\t\t\t\t\t\t\t\t<\/div>\n\t\t\t\t\t\t\t\t\t\t\t\t\t\t\t\t\t\t\t\t\t\t\t\t\t\t\t\t\t\t\t\t\t\t\t\t\t\t\t\t\t\t\t<h2 class=\"pp-timeline-card-title\">\n\t\t\t\t\t\t\t\t\t\tLog\u00edstica puntual\t\t\t\t\t\t\t\t\t<\/h2>\n\t\t\t\t\t\t\t\t\t\t\t\t\t\t\t<\/div>\n\t\t\t\t\t\t\t\t\t\t\t\t\t\t\t\t\t\t\t\t\t\t\t\t\t<div class=\"pp-timeline-card-content\">\n\t\t\t\t\t\t\t\t<p>Nos ocupamos de la log\u00edstica, desde los tr\u00e1mites aduaneros hasta el env\u00edo internacional, y trabajamos con nuestras empresas de log\u00edstica asociadas para que sus productos para beb\u00e9s lleguen a tiempo y de forma segura.<\/p><p>\u00a0<\/p><p>Proporcionamos detalles de seguimiento, junto con toda la informaci\u00f3n pertinente sobre el env\u00edo, para permitirle un acceso completo al env\u00edo y ver los plazos de entrega.<\/p>\t\t\t\t\t\t\t<\/div>\n\t\t\t\t\t\t\t\t\t\t\t<\/div>\n\t\t\t\t\t\t\t\t\t\t<\/a>\n\t\t\t\t\t\t\t\t\t<\/div>\n\n\t\t\t\t\t\t\t\t\t\t\t<div class=\"pp-timeline-marker-wrapper\">\n\t\t\t\n\t\t\t<div class=\"pp-timeline-marker\">\n\t\t\t\t6\t\t\t<\/div>\n\t\t<\/div>\n\t\t\t\t\t<div class=\"pp-timeline-card-date-wrapper\">\n\t\t\t\t\t\t\t\t\t<div class=\"pp-timeline-card-date\">\n\t\t\t\t\t\t\t\t\t\t\t<\/div>\n\t\t\t\t\t\t\t<\/div>\n\t\t\t\t\t\t\t\t\t\t\t<\/div>\n\t\t\t\t\t\t<div class=\"pp-timeline-item pp-timeline-item-left elementor-repeater-item-a53da2b pp-timeline-item-hidden\">\n\t\t\t\t<div class=\"pp-timeline-card-wrapper\">\n\t\t\t\t\t\t\t\t\t\t\t\t\t\t\t<div class=\"pp-timeline-arrow\"><\/div>\n\t\t\t\t\t\t\t\t\t\t<div class=\"pp-timeline-card\">\n\t\t\t\t\t\t\t\t\t\t<div class=\"pp-timeline-card-image\">\n\t\t\t\t\t<img loading=\"lazy\" decoding=\"async\" width=\"580\" height=\"387\" src=\"https:\/\/www.riverbabygroup.com\/wp-content\/uploads\/2021\/04\/P05-S08.jpg\" class=\"attachment-full size-full wp-image-6015\" alt=\"Un-cliente-y-nuestro-equipo-de-servicio-est\u00e1n-discutiendo-sustituir-piezas\" \/>\t\t\t\t<\/div>\n\t\t\t\t\t\t\t\t\t\t\t\t\t\t\t\t\t<div class=\"pp-timeline-card-title-wrap\">\n\t\t\t\t\t\t\t\t\t\t\t\t\t\t\t\t\t\t\t\t\t\t\t\t\t\t\t<div class=\"pp-timeline-card-date\">\n\t\t\t\t\t\t\t\t\t\t\t\t\t\t\t\t\t\t\t\t\t<\/div>\n\t\t\t\t\t\t\t\t\t\t\t\t\t\t\t\t\t\t\t\t\t\t\t\t\t\t\t\t\t\t\t\t\t\t\t\t\t\t\t\t\t\t\t<h2 class=\"pp-timeline-card-title\">\n\t\t\t\t\t\t\t\t\t\tServicio posventa fiable\t\t\t\t\t\t\t\t\t<\/h2>\n\t\t\t\t\t\t\t\t\t\t\t\t\t\t\t<\/div>\n\t\t\t\t\t\t\t\t\t\t\t\t\t\t\t\t\t\t\t\t\t\t\t\t\t<div class=\"pp-timeline-card-content\">\n\t\t\t\t\t\t\t\t<p>Nuestra colaboraci\u00f3n no termina con la finalizaci\u00f3n del pedido, ya que nuestro equipo de servicio est\u00e1 siempre disponible para ofrecerle una asistencia posventa completa.<\/p><p>\u00a0<\/p><p>Nuestro equipo responde a las consultas en las 12 horas siguientes a la solicitud, lo que incluye un servicio y una asistencia completos que a\u00f1aden valor a sus productos para beb\u00e9s. Adem\u00e1s, nuestros productos cuentan con un periodo de garant\u00eda de hasta 3 a\u00f1os.<\/p>\t\t\t\t\t\t\t<\/div>\n\t\t\t\t\t\t\t\t\t\t\t<\/div>\n\t\t\t\t\t\t\t\t\t\t<\/a>\n\t\t\t\t\t\t\t\t\t<\/div>\n\n\t\t\t\t\t\t\t\t\t\t\t<div class=\"pp-timeline-marker-wrapper\">\n\t\t\t\n\t\t\t<div class=\"pp-timeline-marker\">\n\t\t\t\t7\t\t\t<\/div>\n\t\t<\/div>\n\t\t\t\t\t<div class=\"pp-timeline-card-date-wrapper\">\n\t\t\t\t\t\t\t\t\t<div class=\"pp-timeline-card-date\">\n\t\t\t\t\t\t\t\t\t\t\t<\/div>\n\t\t\t\t\t\t\t<\/div>\n\t\t\t\t\t\t\t\t\t\t\t<\/div>\n\t\t\t\t\t\t\t<\/div>\n\t\t\t<\/div>\n\t\t<\/div>\n\t\t\t\t<\/div>\n\t\t\t\t<\/div>\n\t\t\t\t\t<\/div>\n\t\t<\/div>\n\t\t\t\t\t<\/div>\n\t\t<\/section>\n\t\t\t\t<\/div>","protected":false},"excerpt":{"rendered":"<p>C\u00f3mo trabajamos en casa Comprender sus necesidades Desde el primer contacto, nuestro equipo de dise\u00f1o habla con usted para comprender plenamente sus planes para el proyecto de productos para beb\u00e9s, junto con su mercado objetivo y los materiales elegidos. Tambi\u00e9n aportamos nuestras opiniones expertas a lo largo del proceso de consulta, basadas en las tendencias del mercado y la experiencia, con la intenci\u00f3n de mejorar [...]<\/p>","protected":false},"author":1,"featured_media":0,"parent":0,"menu_order":0,"comment_status":"closed","ping_status":"closed","template":"elementor_header_footer","meta":{"_acf_changed":false,"footnotes":""},"class_list":["post-74","page","type-page","status-publish","hentry"],"acf":[],"_links":{"self":[{"href":"https:\/\/www.riverbabygroup.com\/es\/wp-json\/wp\/v2\/pages\/74","targetHints":{"allow":["GET"]}}],"collection":[{"href":"https:\/\/www.riverbabygroup.com\/es\/wp-json\/wp\/v2\/pages"}],"about":[{"href":"https:\/\/www.riverbabygroup.com\/es\/wp-json\/wp\/v2\/types\/page"}],"author":[{"embeddable":true,"href":"https:\/\/www.riverbabygroup.com\/es\/wp-json\/wp\/v2\/users\/1"}],"replies":[{"embeddable":true,"href":"https:\/\/www.riverbabygroup.com\/es\/wp-json\/wp\/v2\/comments?post=74"}],"version-history":[{"count":81,"href":"https:\/\/www.riverbabygroup.com\/es\/wp-json\/wp\/v2\/pages\/74\/revisions"}],"predecessor-version":[{"id":6494,"href":"https:\/\/www.riverbabygroup.com\/es\/wp-json\/wp\/v2\/pages\/74\/revisions\/6494"}],"wp:attachment":[{"href":"https:\/\/www.riverbabygroup.com\/es\/wp-json\/wp\/v2\/media?parent=74"}],"curies":[{"name":"wp","href":"https:\/\/api.w.org\/{rel}","templated":true}]}}