{"id":1812,"date":"2020-12-28T09:09:43","date_gmt":"2020-12-28T09:09:43","guid":{"rendered":"https:\/\/www.riverbabygroup.com\/?page_id=1812"},"modified":"2025-03-13T08:15:28","modified_gmt":"2025-03-13T08:15:28","slug":"blogs","status":"publish","type":"page","link":"https:\/\/www.riverbabygroup.com\/fr\/blogs\/","title":{"rendered":"Blogs"},"content":{"rendered":"<div data-elementor-type=\"wp-page\" data-elementor-id=\"1812\" class=\"elementor elementor-1812\" data-elementor-post-type=\"page\">\n\t\t\t\t\t\t<section class=\"elementor-section elementor-top-section elementor-element elementor-element-776b2cc elementor-section-height-min-height elementor-section-full_width elementor-section-stretched elementor-section-height-default elementor-section-items-middle\" data-id=\"776b2cc\" data-element_type=\"section\" data-settings=\"{&quot;background_background&quot;:&quot;gradient&quot;,&quot;stretch_section&quot;:&quot;section-stretched&quot;}\">\n\t\t\t\t\t\t\t<div class=\"elementor-background-overlay\"><\/div>\n\t\t\t\t\t\t\t<div class=\"elementor-container elementor-column-gap-default\">\n\t\t\t\t\t<div class=\"elementor-column elementor-col-100 elementor-top-column elementor-element elementor-element-24fb5fb\" data-id=\"24fb5fb\" data-element_type=\"column\">\n\t\t\t<div class=\"elementor-widget-wrap elementor-element-populated\">\n\t\t\t\t\t\t<section class=\"elementor-section elementor-inner-section elementor-element elementor-element-9eb1039 elementor-section-boxed elementor-section-height-default elementor-section-height-default\" data-id=\"9eb1039\" data-element_type=\"section\" data-settings=\"{&quot;background_background&quot;:&quot;classic&quot;}\">\n\t\t\t\t\t\t<div class=\"elementor-container elementor-column-gap-no\">\n\t\t\t\t\t<div class=\"elementor-column elementor-col-100 elementor-inner-column elementor-element elementor-element-4cebf1e\" data-id=\"4cebf1e\" data-element_type=\"column\">\n\t\t\t<div class=\"elementor-widget-wrap elementor-element-populated\">\n\t\t\t\t\t\t<div class=\"elementor-element elementor-element-b7e71ec elementor-widget elementor-widget-heading\" data-id=\"b7e71ec\" data-element_type=\"widget\" data-widget_type=\"heading.default\">\n\t\t\t\t<div class=\"elementor-widget-container\">\n\t\t\t<h1 class=\"elementor-heading-title elementor-size-default\">Blogs<\/h1>\t\t<\/div>\n\t\t\t\t<\/div>\n\t\t\t\t<div class=\"elementor-element elementor-element-4018677 elementor-widget elementor-widget-pp-breadcrumbs\" data-id=\"4018677\" data-element_type=\"widget\" data-settings=\"{&quot;breadcrumbs_type&quot;:&quot;powerpack&quot;}\" data-widget_type=\"pp-breadcrumbs.default\">\n\t\t\t\t<div class=\"elementor-widget-container\">\n\t\t\t<ul class=\"pp-breadcrumbs pp-breadcrumbs-powerpack\">\t\t<li class=\"pp-breadcrumbs-item pp-breadcrumbs-item-home\">\n\t\t\t<a class=\"pp-breadcrumbs-crumb pp-breadcrumbs-crumb-link pp-breadcrumbs-crumb-home\" href=\"https:\/\/www.riverbabygroup.com\/fr\" title=\"Accueil\">\n\t\t\t\t<span class=\"pp-breadcrumbs-text\">\n\t\t\t\t\t\t\t\t\t\tAccueil\t\t\t\t<\/span>\n\t\t\t<\/a>\n\t\t<\/li>\n\t\t<li class=\"pp-breadcrumbs-separator\">\t\t\t\t<span class='pp-separator-icon pp-icon'>\n\t\t\t\t\t<i aria-hidden=\"true\" class=\"fas fa-angle-right\"><\/i>\t\t\t\t<\/span>\n\t\t\t\t<\/li><\/ul>\t\t<\/div>\n\t\t\t\t<\/div>\n\t\t\t\t\t<\/div>\n\t\t<\/div>\n\t\t\t\t\t<\/div>\n\t\t<\/section>\n\t\t\t\t\t<\/div>\n\t\t<\/div>\n\t\t\t\t\t<\/div>\n\t\t<\/section>\n\t\t\t\t<section class=\"elementor-section elementor-top-section elementor-element elementor-element-650051e elementor-section-boxed elementor-section-height-default elementor-section-height-default\" data-id=\"650051e\" data-element_type=\"section\">\n\t\t\t\t\t\t<div class=\"elementor-container elementor-column-gap-no\">\n\t\t\t\t\t<div class=\"elementor-column elementor-col-100 elementor-top-column elementor-element elementor-element-b98bb98\" data-id=\"b98bb98\" data-element_type=\"column\">\n\t\t\t<div class=\"elementor-widget-wrap elementor-element-populated\">\n\t\t\t\t\t\t<div class=\"elementor-element elementor-element-8fe3ae7 elementor-grid-tablet-1 pp-equal-height-yes elementor-grid-2 elementor-grid-mobile-1 pp-posts-image-stack-mobile pp-post-thumbnail-align-left elementor-widget elementor-widget-pp-posts\" data-id=\"8fe3ae7\" data-element_type=\"widget\" data-settings=\"{&quot;news_columns_tablet&quot;:&quot;1&quot;,&quot;news_columns&quot;:&quot;2&quot;,&quot;news_columns_mobile&quot;:&quot;1&quot;}\" data-widget_type=\"pp-posts.news\">\n\t\t\t\t<div class=\"elementor-widget-container\">\n\t\t\t\t\t<div class=\"pp-posts-container\">\n\t\t\t\n\t\t\t\t\t\t\t\t\t\t\n\t\t\t<div class=\"pp-posts pp-posts-skin-news elementor-grid pp-posts-grid\" data-query-type=\"custom\" data-layout=\"grid\" data-page=\"1812\" data-skin=\"news\">\n\t\t\t\t\t\t\t\t\t\t\t<div class=\"pp-post-wrap pp-grid-item-wrap elementor-grid-item post-120132 post type-post status-publish format-standard has-post-thumbnail hentry category-blogs\">\n\t\t\t\t\t\t<div class=\"pp-post pp-grid-item\">\n\t\t\t\t\t\t<div class=\"pp-post-thumbnail\">\n\t\t\t<a class=\"pp-post-thumbnail-wrap\" href=\"https:\/\/www.riverbabygroup.com\/fr\/meilleur-siege-auto-leger\/\" title=\"Le meilleur si\u00e8ge auto l\u00e9ger : les meilleures options pour un voyage facile\">\n\t\t\t\t<img fetchpriority=\"high\" decoding=\"async\" width=\"1024\" height=\"768\" src=\"https:\/\/www.riverbabygroup.com\/wp-content\/uploads\/2025\/08\/Lightweight-Car-Seat-5.webp\" class=\"attachment-full size-full wp-image-121534\" alt=\"Si\u00e8ge auto l\u00e9ger (5)\" srcset=\"https:\/\/www.riverbabygroup.com\/wp-content\/uploads\/2025\/08\/Lightweight-Car-Seat-5.webp 1024w, https:\/\/www.riverbabygroup.com\/wp-content\/uploads\/2025\/08\/Lightweight-Car-Seat-5-16x12.webp 16w\" sizes=\"(max-width: 1024px) 100vw, 1024px\" \/>\t\t\t<\/a>\n\t\t<\/div>\n\t\t\t\t\t\t<div class=\"pp-post-content\">\n\t\t\t\t\t\t\t\t\t\t\t<h2 class=\"pp-post-title\">\n\t\t\t\t<a href=\"https:\/\/www.riverbabygroup.com\/fr\/meilleur-siege-auto-leger\/\">Le meilleur si\u00e8ge auto l\u00e9ger : les meilleures options pour un voyage facile<\/a>\t\t\t<\/h2>\n\t\t\t\t\t\t\t\t\t<div class=\"pp-post-meta\">\n\t\t\t\t\t\t\t\t<span class=\"pp-post-date\">\n\t\t\t\t\t\t\t<span class=\"pp-icon\">\n\t\t\t\t<i class=\"pp-meta-icon far fa-clock\" aria-hidden=\"true\"><\/i>\t\t\t\t<\/span>\n\t\t\t\t\t\t\t<span class=\"pp-meta-text\">\n\t\t\t\t4 ao\u00fbt 2025\t\t\t<\/span>\n\t\t<\/span>\n\t\t<span class=\"pp-meta-separator\"><\/span>\n\t\t\t\t\t\t\t<\/div>\n\t\t\t\t\t\t\t<div class=\"pp-post-excerpt\">\n\t\t\t<p>Introduction Le choix d'un si\u00e8ge auto de voyage pour votre enfant est en fin de compte dict\u00e9 par le souci de ...<\/p>\n\t\t<\/div>\n\t\t\t\t\t\t\t\t<a class=\"pp-posts-button elementor-button elementor-size-sm\" href=\"https:\/\/www.riverbabygroup.com\/fr\/meilleur-siege-auto-leger\/\" title=\"Le meilleur si\u00e8ge auto l\u00e9ger : les meilleures options pour un voyage facile\" aria-label=\"En savoir plus sur le meilleur si\u00e8ge auto l\u00e9ger : les meilleures options pour un voyage facile\">\n\t\t\t\t\t\t\t\t\t\t<span class=\"pp-button-text\">\n\t\t\t\t\tLire la suite\t\t\t\t<\/span>\n\t\t\t\t\t\t\t\t\t<span class=\"pp-button-icon elementor-button-icon elementor-align-icon-right\">\n\t\t\t\t<i aria-hidden=\"true\" class=\"fas fa-angle-right\"><\/i>\t\t\t<\/span>\n\t\t\t\t\t<\/a>\n\t\t\t\t\t\t\t\t<\/div>\n\t\t\t<\/div>\n\t\t\t\t\t<\/div>\n\t\t\t\t<div class=\"pp-post-wrap pp-grid-item-wrap elementor-grid-item post-120014 post type-post status-publish format-standard has-post-thumbnail hentry category-blogs\">\n\t\t\t\t\t\t<div class=\"pp-post pp-grid-item\">\n\t\t\t\t\t\t<div class=\"pp-post-thumbnail\">\n\t\t\t<a class=\"pp-post-thumbnail-wrap\" href=\"https:\/\/www.riverbabygroup.com\/fr\/pourquoi-les-sieges-auto-expirent-ils\/\" title=\"Pourquoi les si\u00e8ges auto expirent-ils ? Votre guide complet de la s\u00e9curit\u00e9 des enfants\">\n\t\t\t\t<img decoding=\"async\" width=\"1024\" height=\"768\" src=\"https:\/\/www.riverbabygroup.com\/wp-content\/uploads\/2025\/08\/why-do-car-seats-expire-1.webp\" class=\"attachment-full size-full wp-image-120012\" alt=\"pourquoi les si\u00e8ges auto expirent-ils (1)\" srcset=\"https:\/\/www.riverbabygroup.com\/wp-content\/uploads\/2025\/08\/why-do-car-seats-expire-1.webp 1024w, https:\/\/www.riverbabygroup.com\/wp-content\/uploads\/2025\/08\/why-do-car-seats-expire-1-16x12.webp 16w\" sizes=\"(max-width: 1024px) 100vw, 1024px\" \/>\t\t\t<\/a>\n\t\t<\/div>\n\t\t\t\t\t\t<div class=\"pp-post-content\">\n\t\t\t\t\t\t\t\t\t\t\t<h2 class=\"pp-post-title\">\n\t\t\t\t<a href=\"https:\/\/www.riverbabygroup.com\/fr\/pourquoi-les-sieges-auto-expirent-ils\/\">Pourquoi les si\u00e8ges auto expirent-ils ? Votre guide complet de la s\u00e9curit\u00e9 des enfants<\/a>\t\t\t<\/h2>\n\t\t\t\t\t\t\t\t\t<div class=\"pp-post-meta\">\n\t\t\t\t\t\t\t\t<span class=\"pp-post-date\">\n\t\t\t\t\t\t\t<span class=\"pp-icon\">\n\t\t\t\t<i class=\"pp-meta-icon far fa-clock\" aria-hidden=\"true\"><\/i>\t\t\t\t<\/span>\n\t\t\t\t\t\t\t<span class=\"pp-meta-text\">\n\t\t\t\t1er ao\u00fbt 2025\t\t\t<\/span>\n\t\t<\/span>\n\t\t<span class=\"pp-meta-separator\"><\/span>\n\t\t\t\t\t\t\t<\/div>\n\t\t\t\t\t\t\t<div class=\"pp-post-excerpt\">\n\t\t\t<p>Lorsque vous voyez le si\u00e8ge auto pour enfant apparemment impeccable \u00e0 la maison, vous vous posez peut-\u00eatre une question : Pourquoi ...<\/p>\n\t\t<\/div>\n\t\t\t\t\t\t\t\t<a class=\"pp-posts-button elementor-button elementor-size-sm\" href=\"https:\/\/www.riverbabygroup.com\/fr\/pourquoi-les-sieges-auto-expirent-ils\/\" title=\"Pourquoi les si\u00e8ges auto expirent-ils ? Votre guide complet de la s\u00e9curit\u00e9 des enfants\" aria-label=\"En savoir plus sur les raisons de la p\u00e9remption des si\u00e8ges de voiture Votre guide complet de la s\u00e9curit\u00e9 des enfants\">\n\t\t\t\t\t\t\t\t\t\t<span class=\"pp-button-text\">\n\t\t\t\t\tLire la suite\t\t\t\t<\/span>\n\t\t\t\t\t\t\t\t\t<span class=\"pp-button-icon elementor-button-icon elementor-align-icon-right\">\n\t\t\t\t<i aria-hidden=\"true\" class=\"fas fa-angle-right\"><\/i>\t\t\t<\/span>\n\t\t\t\t\t<\/a>\n\t\t\t\t\t\t\t\t<\/div>\n\t\t\t<\/div>\n\t\t\t\t\t<\/div>\n\t\t\t\t<div class=\"pp-post-wrap pp-grid-item-wrap elementor-grid-item post-119959 post type-post status-publish format-standard has-post-thumbnail hentry category-blogs\">\n\t\t\t\t\t\t<div class=\"pp-post pp-grid-item\">\n\t\t\t\t\t\t<div class=\"pp-post-thumbnail\">\n\t\t\t<a class=\"pp-post-thumbnail-wrap\" href=\"https:\/\/www.riverbabygroup.com\/fr\/poussette-pour-grands-enfants\/\" title=\"Meilleure poussette pour les grands enfants (3-7 ans) : Guide complet et recommandations\">\n\t\t\t\t<img decoding=\"async\" width=\"1024\" height=\"768\" src=\"https:\/\/www.riverbabygroup.com\/wp-content\/uploads\/2025\/08\/Stroller-for-Big-Kids-1.webp\" class=\"attachment-full size-full wp-image-119960\" alt=\"Poussette pour grands enfants (1)\" srcset=\"https:\/\/www.riverbabygroup.com\/wp-content\/uploads\/2025\/08\/Stroller-for-Big-Kids-1.webp 1024w, https:\/\/www.riverbabygroup.com\/wp-content\/uploads\/2025\/08\/Stroller-for-Big-Kids-1-16x12.webp 16w\" sizes=\"(max-width: 1024px) 100vw, 1024px\" \/>\t\t\t<\/a>\n\t\t<\/div>\n\t\t\t\t\t\t<div class=\"pp-post-content\">\n\t\t\t\t\t\t\t\t\t\t\t<h2 class=\"pp-post-title\">\n\t\t\t\t<a href=\"https:\/\/www.riverbabygroup.com\/fr\/poussette-pour-grands-enfants\/\">Meilleure poussette pour les grands enfants (3-7 ans) : Guide complet et recommandations<\/a>\t\t\t<\/h2>\n\t\t\t\t\t\t\t\t\t<div class=\"pp-post-meta\">\n\t\t\t\t\t\t\t\t<span class=\"pp-post-date\">\n\t\t\t\t\t\t\t<span class=\"pp-icon\">\n\t\t\t\t<i class=\"pp-meta-icon far fa-clock\" aria-hidden=\"true\"><\/i>\t\t\t\t<\/span>\n\t\t\t\t\t\t\t<span class=\"pp-meta-text\">\n\t\t\t\t1er ao\u00fbt 2025\t\t\t<\/span>\n\t\t<\/span>\n\t\t<span class=\"pp-meta-separator\"><\/span>\n\t\t\t\t\t\t\t<\/div>\n\t\t\t\t\t\t\t<div class=\"pp-post-excerpt\">\n\t\t\t<p>Introduction Le choix d'une poussette pour un enfant \u00e2g\u00e9 de trois \u00e0 sept ans repr\u00e9sente un d\u00e9fi particulier. ...<\/p>\n\t\t<\/div>\n\t\t\t\t\t\t\t\t<a class=\"pp-posts-button elementor-button elementor-size-sm\" href=\"https:\/\/www.riverbabygroup.com\/fr\/poussette-pour-grands-enfants\/\" title=\"Meilleure poussette pour les grands enfants (3-7 ans) : Guide complet et recommandations\" aria-label=\"En savoir plus sur la meilleure poussette pour les grands enfants (3-7 ans) : Guide complet et recommandations\">\n\t\t\t\t\t\t\t\t\t\t<span class=\"pp-button-text\">\n\t\t\t\t\tLire la suite\t\t\t\t<\/span>\n\t\t\t\t\t\t\t\t\t<span class=\"pp-button-icon elementor-button-icon elementor-align-icon-right\">\n\t\t\t\t<i aria-hidden=\"true\" class=\"fas fa-angle-right\"><\/i>\t\t\t<\/span>\n\t\t\t\t\t<\/a>\n\t\t\t\t\t\t\t\t<\/div>\n\t\t\t<\/div>\n\t\t\t\t\t<\/div>\n\t\t\t\t<div class=\"pp-post-wrap pp-grid-item-wrap elementor-grid-item post-119139 post type-post status-publish format-standard has-post-thumbnail hentry category-blogs\">\n\t\t\t\t\t\t<div class=\"pp-post pp-grid-item\">\n\t\t\t\t\t\t<div class=\"pp-post-thumbnail\">\n\t\t\t<a class=\"pp-post-thumbnail-wrap\" href=\"https:\/\/www.riverbabygroup.com\/fr\/limpiar-silla-coche-bebe\/\" title=\"Guide du fabricant : Comment nettoyer la chambre de b\u00e9b\u00e9 de mani\u00e8re s\u00fbre\">\n\t\t\t\t<img loading=\"lazy\" decoding=\"async\" width=\"1024\" height=\"768\" src=\"https:\/\/www.riverbabygroup.com\/wp-content\/uploads\/2025\/07\/limpiar-silla-coche-bebe-1.webp\" class=\"attachment-full size-full wp-image-119140\" alt=\"limpiar silla coche bebe (1)\" srcset=\"https:\/\/www.riverbabygroup.com\/wp-content\/uploads\/2025\/07\/limpiar-silla-coche-bebe-1.webp 1024w, https:\/\/www.riverbabygroup.com\/wp-content\/uploads\/2025\/07\/limpiar-silla-coche-bebe-1-16x12.webp 16w\" sizes=\"(max-width: 1024px) 100vw, 1024px\" \/>\t\t\t<\/a>\n\t\t<\/div>\n\t\t\t\t\t\t<div class=\"pp-post-content\">\n\t\t\t\t\t\t\t\t\t\t\t<h2 class=\"pp-post-title\">\n\t\t\t\t<a href=\"https:\/\/www.riverbabygroup.com\/fr\/limpiar-silla-coche-bebe\/\">Guide du fabricant : Comment nettoyer la chambre de b\u00e9b\u00e9 de mani\u00e8re s\u00fbre<\/a>\t\t\t<\/h2>\n\t\t\t\t\t\t\t\t\t<div class=\"pp-post-meta\">\n\t\t\t\t\t\t\t\t<span class=\"pp-post-date\">\n\t\t\t\t\t\t\t<span class=\"pp-icon\">\n\t\t\t\t<i class=\"pp-meta-icon far fa-clock\" aria-hidden=\"true\"><\/i>\t\t\t\t<\/span>\n\t\t\t\t\t\t\t<span class=\"pp-meta-text\">\n\t\t\t\t30 juillet 2025\t\t\t<\/span>\n\t\t<\/span>\n\t\t<span class=\"pp-meta-separator\"><\/span>\n\t\t\t\t\t\t\t<\/div>\n\t\t\t\t\t\t\t<div class=\"pp-post-excerpt\">\n\t\t\t<p>En River Baby Group, nous nous consacrons \u00e0 la conception et \u00e0 la fabrication de produits de pu\u00e9riculture mobile en un mod\u00e8le OEM\/ODM pour ...<\/p>\n\t\t<\/div>\n\t\t\t\t\t\t\t\t<a class=\"pp-posts-button elementor-button elementor-size-sm\" href=\"https:\/\/www.riverbabygroup.com\/fr\/limpiar-silla-coche-bebe\/\" title=\"Guide du fabricant : Comment nettoyer la chambre de b\u00e9b\u00e9 de mani\u00e8re s\u00fbre\" aria-label=\"Lire la suite de Gu\u00eda de Fabricante : C\u00f3mo Limpiar la Silla de Coche Beb\u00e9 de Forma Segura\">\n\t\t\t\t\t\t\t\t\t\t<span class=\"pp-button-text\">\n\t\t\t\t\tLire la suite\t\t\t\t<\/span>\n\t\t\t\t\t\t\t\t\t<span class=\"pp-button-icon elementor-button-icon elementor-align-icon-right\">\n\t\t\t\t<i aria-hidden=\"true\" class=\"fas fa-angle-right\"><\/i>\t\t\t<\/span>\n\t\t\t\t\t<\/a>\n\t\t\t\t\t\t\t\t<\/div>\n\t\t\t<\/div>\n\t\t\t\t\t<\/div>\n\t\t\t\t<div class=\"pp-post-wrap pp-grid-item-wrap elementor-grid-item post-117797 post type-post status-publish format-standard has-post-thumbnail hentry category-blogs\">\n\t\t\t\t\t\t<div class=\"pp-post pp-grid-item\">\n\t\t\t\t\t\t<div class=\"pp-post-thumbnail\">\n\t\t\t<a class=\"pp-post-thumbnail-wrap\" href=\"https:\/\/www.riverbabygroup.com\/fr\/meilleure-poussette-simple-a-double\/\" title=\"La meilleure poussette simple \u00e0 double : Poussettes convertibles pour les familles qui s&#039;agrandissent\">\n\t\t\t\t<img loading=\"lazy\" decoding=\"async\" width=\"600\" height=\"600\" src=\"https:\/\/www.riverbabygroup.com\/wp-content\/uploads\/2025\/07\/best-single-to-double-stroller-2.webp\" class=\"attachment-full size-full wp-image-117791\" alt=\"meilleure poussette simple \u00e0 double (2)\" srcset=\"https:\/\/www.riverbabygroup.com\/wp-content\/uploads\/2025\/07\/best-single-to-double-stroller-2.webp 600w, https:\/\/www.riverbabygroup.com\/wp-content\/uploads\/2025\/07\/best-single-to-double-stroller-2-150x150.webp 150w, https:\/\/www.riverbabygroup.com\/wp-content\/uploads\/2025\/07\/best-single-to-double-stroller-2-12x12.webp 12w\" sizes=\"(max-width: 600px) 100vw, 600px\" \/>\t\t\t<\/a>\n\t\t<\/div>\n\t\t\t\t\t\t<div class=\"pp-post-content\">\n\t\t\t\t\t\t\t\t\t\t\t<h2 class=\"pp-post-title\">\n\t\t\t\t<a href=\"https:\/\/www.riverbabygroup.com\/fr\/meilleure-poussette-simple-a-double\/\">La meilleure poussette simple \u00e0 double : Poussettes convertibles pour les familles qui s'agrandissent<\/a>\t\t\t<\/h2>\n\t\t\t\t\t\t\t\t\t<div class=\"pp-post-meta\">\n\t\t\t\t\t\t\t\t<span class=\"pp-post-date\">\n\t\t\t\t\t\t\t<span class=\"pp-icon\">\n\t\t\t\t<i class=\"pp-meta-icon far fa-clock\" aria-hidden=\"true\"><\/i>\t\t\t\t<\/span>\n\t\t\t\t\t\t\t<span class=\"pp-meta-text\">\n\t\t\t\t28 juillet 2025\t\t\t<\/span>\n\t\t<\/span>\n\t\t<span class=\"pp-meta-separator\"><\/span>\n\t\t\t\t\t\t\t<\/div>\n\t\t\t\t\t\t\t<div class=\"pp-post-excerpt\">\n\t\t\t<p>L'exp\u00e9rience de la parentalit\u00e9 est un doux d\u00e9fi pour toute famille qui vit ou a l'intention de vivre une nouvelle vie. ...<\/p>\n\t\t<\/div>\n\t\t\t\t\t\t\t\t<a class=\"pp-posts-button elementor-button elementor-size-sm\" href=\"https:\/\/www.riverbabygroup.com\/fr\/meilleure-poussette-simple-a-double\/\" title=\"La meilleure poussette simple \u00e0 double : Poussettes convertibles pour les familles qui s&#039;agrandissent\" aria-label=\"En savoir plus sur la meilleure poussette simple \u00e0 double : Poussettes convertibles pour les familles qui s&#039;agrandissent\">\n\t\t\t\t\t\t\t\t\t\t<span class=\"pp-button-text\">\n\t\t\t\t\tLire la suite\t\t\t\t<\/span>\n\t\t\t\t\t\t\t\t\t<span class=\"pp-button-icon elementor-button-icon elementor-align-icon-right\">\n\t\t\t\t<i aria-hidden=\"true\" class=\"fas fa-angle-right\"><\/i>\t\t\t<\/span>\n\t\t\t\t\t<\/a>\n\t\t\t\t\t\t\t\t<\/div>\n\t\t\t<\/div>\n\t\t\t\t\t<\/div>\n\t\t\t\t<div class=\"pp-post-wrap pp-grid-item-wrap elementor-grid-item post-116330 post type-post status-publish format-standard has-post-thumbnail hentry category-blogs\">\n\t\t\t\t\t\t<div class=\"pp-post pp-grid-item\">\n\t\t\t\t\t\t<div class=\"pp-post-thumbnail\">\n\t\t\t<a class=\"pp-post-thumbnail-wrap\" href=\"https:\/\/www.riverbabygroup.com\/fr\/meilleure-poussette-legere\/\" title=\"Les 10 meilleures poussettes l\u00e9g\u00e8res pour tous les parents en 2025\">\n\t\t\t\t<img loading=\"lazy\" decoding=\"async\" width=\"1024\" height=\"768\" src=\"https:\/\/www.riverbabygroup.com\/wp-content\/uploads\/2025\/07\/Best-Lightweight-Strollers-3.webp\" class=\"attachment-full size-full wp-image-116333\" alt=\"Meilleures poussettes l\u00e9g\u00e8res (3)\" srcset=\"https:\/\/www.riverbabygroup.com\/wp-content\/uploads\/2025\/07\/Best-Lightweight-Strollers-3.webp 1024w, https:\/\/www.riverbabygroup.com\/wp-content\/uploads\/2025\/07\/Best-Lightweight-Strollers-3-16x12.webp 16w\" sizes=\"(max-width: 1024px) 100vw, 1024px\" \/>\t\t\t<\/a>\n\t\t<\/div>\n\t\t\t\t\t\t<div class=\"pp-post-content\">\n\t\t\t\t\t\t\t\t\t\t\t<h2 class=\"pp-post-title\">\n\t\t\t\t<a href=\"https:\/\/www.riverbabygroup.com\/fr\/meilleure-poussette-legere\/\">Les 10 meilleures poussettes l\u00e9g\u00e8res pour tous les parents en 2025<\/a>\t\t\t<\/h2>\n\t\t\t\t\t\t\t\t\t<div class=\"pp-post-meta\">\n\t\t\t\t\t\t\t\t<span class=\"pp-post-date\">\n\t\t\t\t\t\t\t<span class=\"pp-icon\">\n\t\t\t\t<i class=\"pp-meta-icon far fa-clock\" aria-hidden=\"true\"><\/i>\t\t\t\t<\/span>\n\t\t\t\t\t\t\t<span class=\"pp-meta-text\">\n\t\t\t\t25 juillet 2025\t\t\t<\/span>\n\t\t<\/span>\n\t\t<span class=\"pp-meta-separator\"><\/span>\n\t\t\t\t\t\t\t<\/div>\n\t\t\t\t\t\t\t<div class=\"pp-post-excerpt\">\n\t\t\t<p>Introduction \u00catre parent implique des d\u00e9placements constants. Qu'il s'agisse d'une petite course ou de longues vacances en famille, la poussette est ...<\/p>\n\t\t<\/div>\n\t\t\t\t\t\t\t\t<a class=\"pp-posts-button elementor-button elementor-size-sm\" href=\"https:\/\/www.riverbabygroup.com\/fr\/meilleure-poussette-legere\/\" title=\"Les 10 meilleures poussettes l\u00e9g\u00e8res pour tous les parents en 2025\" aria-label=\"En savoir plus sur les 10 meilleures poussettes l\u00e9g\u00e8res pour tous les parents en 2025\">\n\t\t\t\t\t\t\t\t\t\t<span class=\"pp-button-text\">\n\t\t\t\t\tLire la suite\t\t\t\t<\/span>\n\t\t\t\t\t\t\t\t\t<span class=\"pp-button-icon elementor-button-icon elementor-align-icon-right\">\n\t\t\t\t<i aria-hidden=\"true\" class=\"fas fa-angle-right\"><\/i>\t\t\t<\/span>\n\t\t\t\t\t<\/a>\n\t\t\t\t\t\t\t\t<\/div>\n\t\t\t<\/div>\n\t\t\t\t\t<\/div>\n\t\t\t\t\t\t\t\t\t<\/div>\n\t\t\t\n\t\t\t\n\t\t\t\n\t\t\t\n\t\t\t\t\t\t\t\t\t\t\t<div class=\"pp-posts-pagination-wrap pp-posts-pagination-bottom\">\n\t\t\t\t\t\t\t\t<nav class=\"pp-posts-pagination pp-posts-pagination-ajax elementor-pagination\" role=\"navigation\" aria-label=\"Pagination\" data-total=\"27\">\n\t\t\t\t<span aria-current=\"page\" class=\"page-numbers current\">1<\/span>\n<a class=\"page-numbers\" href=\"https:\/\/www.riverbabygroup.com\/wp-json\/wp\/v2\/pages\/1812\/page\/2\/\">2<\/a>\n<a class=\"page-numbers\" href=\"https:\/\/www.riverbabygroup.com\/wp-json\/wp\/v2\/pages\/1812\/page\/3\/\">3<\/a>\n<span class=\"page-numbers dots\">...<\/span>\n<a class=\"page-numbers\" href=\"https:\/\/www.riverbabygroup.com\/wp-json\/wp\/v2\/pages\/1812\/page\/27\/\">27<\/a>\n<a class=\"next page-numbers\" href=\"https:\/\/www.riverbabygroup.com\/wp-json\/wp\/v2\/pages\/1812\/page\/2\/\">Suivant \"<\/a>\t\t\t<\/nav>\n\t\t\t\t\t\t\t<\/div>\n\t\t\t\t\t\t\t\t\t<\/div>\n\n\t\t\n\t\t\t\t<\/div>\n\t\t\t\t<\/div>\n\t\t\t\t\t<\/div>\n\t\t<\/div>\n\t\t\t\t\t<\/div>\n\t\t<\/section>\n\t\t\t\t<\/div>","protected":false},"excerpt":{"rendered":"<p>Blogs Home Poussette \u00e0 3 ou 4 roues : Comment choisir celle qui convient le mieux \u00e0 votre famille February 27, 2025 Introduction Choisir le bon type de poussette pour votre famille n'est pas une t\u00e2che facile en raison des nombreux mod\u00e8les ... Lire la suite Choisir une poussette pour b\u00e9b\u00e9 ? Les \u00e9l\u00e9ments essentiels d'une poussette que vous devez conna\u00eetre F\u00e9vrier [...]<\/p>","protected":false},"author":1,"featured_media":0,"parent":0,"menu_order":0,"comment_status":"closed","ping_status":"closed","template":"","meta":{"_acf_changed":false,"footnotes":""},"class_list":["post-1812","page","type-page","status-publish","hentry"],"acf":[],"_links":{"self":[{"href":"https:\/\/www.riverbabygroup.com\/fr\/wp-json\/wp\/v2\/pages\/1812","targetHints":{"allow":["GET"]}}],"collection":[{"href":"https:\/\/www.riverbabygroup.com\/fr\/wp-json\/wp\/v2\/pages"}],"about":[{"href":"https:\/\/www.riverbabygroup.com\/fr\/wp-json\/wp\/v2\/types\/page"}],"author":[{"embeddable":true,"href":"https:\/\/www.riverbabygroup.com\/fr\/wp-json\/wp\/v2\/users\/1"}],"replies":[{"embeddable":true,"href":"https:\/\/www.riverbabygroup.com\/fr\/wp-json\/wp\/v2\/comments?post=1812"}],"version-history":[{"count":50,"href":"https:\/\/www.riverbabygroup.com\/fr\/wp-json\/wp\/v2\/pages\/1812\/revisions"}],"predecessor-version":[{"id":73750,"href":"https:\/\/www.riverbabygroup.com\/fr\/wp-json\/wp\/v2\/pages\/1812\/revisions\/73750"}],"wp:attachment":[{"href":"https:\/\/www.riverbabygroup.com\/fr\/wp-json\/wp\/v2\/media?parent=1812"}],"curies":[{"name":"wp","href":"https:\/\/api.w.org\/{rel}","templated":true}]}}